{"id":125,"date":"2017-02-15T10:17:02","date_gmt":"2017-02-15T10:17:02","guid":{"rendered":"http:\/\/172.26.164.187\/?page_id=125"},"modified":"2025-07-07T12:08:44","modified_gmt":"2025-07-07T11:08:44","slug":"employer-contact-us","status":"publish","type":"page","link":"https:\/\/singlepensionscheme.gov.ie\/ga\/employer-contact-us\/","title":{"rendered":"D\u00e9an teagmh\u00e1il leis an bhFoireann Beartais"},"content":{"rendered":"<p><\/p>\n<h1 style=\"text-align: left;\"><span style=\"font-size: 28px; color: #0d9bd4;\"><strong>Ceisteanna a bhaineann le Beartas<\/strong><\/span><\/h1>\n<hr style=\"height: 1px; background: #0d9bd4;\" \/>\n<p><span style=\"font-size: 20px;\">Maidir le Riarth\u00f3ir\u00ed Pinsin in \u00dadar\u00e1is \u00c1bhartha a bhfuil ceisteanna teicni\u00fala a bhaineann le beartas acu, ar ceisteanna iad nach dtugtar freagra orthu sna hacmhainn\u00ed at\u00e1 ar f\u00e1il ar an su\u00edomh Gr\u00e9as\u00e1in seo, is f\u00e9idir leo a gcuid ceisteanna a chur ar aghaidh chuig L\u00e1rphointe Teagmh\u00e1la Aonad Beartais na Sc\u00e9ime Aonair sa Roinn Caiteachais Phoibl\u00ed agus Athch\u00f3irithe:<\/span><\/p>\n<h4>R-phost:\u00a0<a href=\"mailto:singleschemequeries@per.gov.ie\">singleschemequeries@per.gov.ie<\/a><\/h4>\n<p><\/p>","protected":false},"excerpt":{"rendered":"<p>Ceisteanna a bhaineann le Beartas Maidir le Riarth\u00f3ir\u00ed Pinsin in \u00dadar\u00e1is \u00c1bhartha a bhfuil ceisteanna teicni\u00fala a bhaineann le beartas &#8230;<\/p>\n","protected":false},"author":13,"featured_media":0,"parent":0,"menu_order":4,"comment_status":"closed","ping_status":"closed","template":"policy-team.php","meta":[],"categories":[10],"tags":[20,21,19],"acf":[],"_links":{"self":[{"href":"https:\/\/singlepensionscheme.gov.ie\/ga\/wp-json\/wp\/v2\/pages\/125"}],"collection":[{"href":"https:\/\/singlepensionscheme.gov.ie\/ga\/wp-json\/wp\/v2\/pages"}],"about":[{"href":"https:\/\/singlepensionscheme.gov.ie\/ga\/wp-json\/wp\/v2\/types\/page"}],"author":[{"embeddable":true,"href":"https:\/\/singlepensionscheme.gov.ie\/ga\/wp-json\/wp\/v2\/users\/13"}],"replies":[{"embeddable":true,"href":"https:\/\/singlepensionscheme.gov.ie\/ga\/wp-json\/wp\/v2\/comments?post=125"}],"version-history":[{"count":17,"href":"https:\/\/singlepensionscheme.gov.ie\/ga\/wp-json\/wp\/v2\/pages\/125\/revisions"}],"predecessor-version":[{"id":7901,"href":"https:\/\/singlepensionscheme.gov.ie\/ga\/wp-json\/wp\/v2\/pages\/125\/revisions\/7901"}],"wp:attachment":[{"href":"https:\/\/singlepensionscheme.gov.ie\/ga\/wp-json\/wp\/v2\/media?parent=125"}],"wp:term":[{"taxonomy":"category","embeddable":true,"href":"https:\/\/singlepensionscheme.gov.ie\/ga\/wp-json\/wp\/v2\/categories?post=125"},{"taxonomy":"post_tag","embeddable":true,"href":"https:\/\/singlepensionscheme.gov.ie\/ga\/wp-json\/wp\/v2\/tags?post=125"}],"curies":[{"name":"wp","href":"https:\/\/api.w.org\/{rel}","templated":true}]}}