{"id":159,"date":"2017-02-21T15:33:22","date_gmt":"2017-02-21T15:33:22","guid":{"rendered":"http:\/\/172.26.164.187\/?page_id=159"},"modified":"2018-01-29T17:15:16","modified_gmt":"2018-01-29T17:15:16","slug":"administrator-tools","status":"publish","type":"page","link":"https:\/\/singlepensionscheme.gov.ie\/ga\/for-employers\/administrator-tools\/","title":{"rendered":"Fhoirne Uirlis\u00ed"},"content":{"rendered":"<p><\/p>\n<p style=\"text-align: center;\"><span style=\"font-size: 28px;\">Is f\u00e9idir le Riarth\u00f3ir\u00ed rochtain a fh\u00e1il th\u00edos ar acmhainn\u00ed teicni\u00fala chun cabhr\u00fa leo an Sc\u00e9im Aonair a riar<\/span><\/p>\n<p><\/p>","protected":false},"excerpt":{"rendered":"<p>Is f\u00e9idir le Riarth\u00f3ir\u00ed rochtain a fh\u00e1il th\u00edos ar acmhainn\u00ed teicni\u00fala chun cabhr\u00fa leo an Sc\u00e9im Aonair a riar<\/p>\n","protected":false},"author":13,"featured_media":0,"parent":67,"menu_order":30,"comment_status":"closed","ping_status":"closed","template":"nav.php","meta":[],"categories":[10],"tags":[20,21,19],"acf":[],"_links":{"self":[{"href":"https:\/\/singlepensionscheme.gov.ie\/ga\/wp-json\/wp\/v2\/pages\/159"}],"collection":[{"href":"https:\/\/singlepensionscheme.gov.ie\/ga\/wp-json\/wp\/v2\/pages"}],"about":[{"href":"https:\/\/singlepensionscheme.gov.ie\/ga\/wp-json\/wp\/v2\/types\/page"}],"author":[{"embeddable":true,"href":"https:\/\/singlepensionscheme.gov.ie\/ga\/wp-json\/wp\/v2\/users\/13"}],"replies":[{"embeddable":true,"href":"https:\/\/singlepensionscheme.gov.ie\/ga\/wp-json\/wp\/v2\/comments?post=159"}],"version-history":[{"count":10,"href":"https:\/\/singlepensionscheme.gov.ie\/ga\/wp-json\/wp\/v2\/pages\/159\/revisions"}],"predecessor-version":[{"id":2192,"href":"https:\/\/singlepensionscheme.gov.ie\/ga\/wp-json\/wp\/v2\/pages\/159\/revisions\/2192"}],"up":[{"embeddable":true,"href":"https:\/\/singlepensionscheme.gov.ie\/ga\/wp-json\/wp\/v2\/pages\/67"}],"wp:attachment":[{"href":"https:\/\/singlepensionscheme.gov.ie\/ga\/wp-json\/wp\/v2\/media?parent=159"}],"wp:term":[{"taxonomy":"category","embeddable":true,"href":"https:\/\/singlepensionscheme.gov.ie\/ga\/wp-json\/wp\/v2\/categories?post=159"},{"taxonomy":"post_tag","embeddable":true,"href":"https:\/\/singlepensionscheme.gov.ie\/ga\/wp-json\/wp\/v2\/tags?post=159"}],"curies":[{"name":"wp","href":"https:\/\/api.w.org\/{rel}","templated":true}]}}