{"id":193,"date":"2017-02-27T16:07:57","date_gmt":"2017-02-27T16:07:57","guid":{"rendered":"http:\/\/172.26.164.187\/?page_id=193"},"modified":"2024-12-10T15:29:15","modified_gmt":"2024-12-10T15:29:15","slug":"accessibility","status":"publish","type":"page","link":"https:\/\/singlepensionscheme.gov.ie\/ga\/accessibility\/","title":{"rendered":"R\u00e1iteas Inrochtaineachta"},"content":{"rendered":"<p><\/p>\n<h1 style=\"text-align: left;\"><span style=\"font-size: 28px; color: #0d9bd4;\"><strong>R\u00e1iteas Inrochtaineachta<\/strong><\/span><\/h1>\n<hr style=\"height: 1px; background: #0d9bd4;\" \/>\n<p>T\u00e1 an l\u00e1ithre\u00e1n gr\u00e9as\u00e1in seo forbartha ag an Roinn Chaiteachais Phoibl\u00ed agus Athch\u00f3irithe.<\/p>\n<p><strong>R\u00e1iteas Inrochtaineachta<\/strong><\/p>\n<p>T\u00e1 an Roinn Caiteachais Phoibl\u00ed agus Athch\u00f3irithe tiomanta l\u00e1ithre\u00e1n gr\u00e9as\u00e1in a shol\u00e1thar a bhfuil rochtain ag an l\u00edon is m\u00f3 daoine agus is f\u00e9idir air, beag beann ar theicneola\u00edocht n\u00f3 ar chumas.<\/p>\n<p>L\u00e9ir\u00edonn an r\u00e1iteas seo a leanas na for\u00e1lacha at\u00e1 d\u00e9anta againn lena chinnti\u00fa go mbeidh ardchaighde\u00e1n inrochtaineachta ar fud an l\u00e1ithre\u00e1in ghr\u00e9as\u00e1in seo.<\/p>\n<p><strong>Comhl\u00edonadh Caighde\u00e1n<\/strong><\/p>\n<p>Ceapadh na leathanaigh ar an l\u00e1ithre\u00e1n seo le bheith oiri\u00fanach do WCAG AA agus chun clo\u00ed le treoirl\u00ednte Thosa\u00edocht 2 de <a href=\"https:\/\/www.w3.org\/WAI\/\" target=\"_blank\" rel=\"noopener noreferrer\"><span style=\"color: #0d9bd4;\">Threoirl\u00ednte Inrochtaineachta \u00c1bhar W3C<\/span><\/a> agus le <a href=\"http:\/\/nda.ie\/Resources\/Accessibility-toolkit\/Make-your-websites-more-accessible\/\" target=\"_blank\" rel=\"noopener noreferrer\"><span style=\"color: #0d9bd4;\">Treoirl\u00ednte Inrochtaineachta IT an \u00dadar\u00e1is N\u00e1isi\u00fanta M\u00edchumais<\/span><\/a>.<\/p>\n<p>T\u00f3gadh an l\u00e1ithre\u00e1n ag \u00fas\u00e1id c\u00f3id at\u00e1 oiri\u00fanach le caighde\u00e1in W3C le haghaidh XHTML agus CSS. B\u00edonn an l\u00e1ithre\u00e1n seo le feice\u00e1il mar is ceart i mbrabhs\u00e1laithe reatha agus \u00f3 tharla go mbaintear \u00fas\u00e1id as c\u00f3d XHTML\/CSS comhl\u00edontach beidh s\u00e9 le feice\u00e1il mar is ceart in aon brabhs\u00e1la\u00ed amach anseo chomh maith.<\/p>\n<p>Ceapadh na leathanaigh ar an l\u00e1ithre\u00e1n seo le bail\u00edocht\u00fa mar XHTML 1.0 Trasdultach.<\/p>\n<p>Baineann gach leathanach ar an l\u00e1ithre\u00e1n seo \u00fas\u00e1id as marc\u00e1il sh\u00e9imeantach strucht\u00fartha. \u00das\u00e1idtear clibeanna H1 do phr\u00edomhtheidil agus clibeanna H2 d\u2019fhotheidil.<\/p>\n<p>&nbsp;<\/p>\n<p><strong>TABHAIR AR AIRD<\/strong>: C\u00e9 go nd\u00e9anaim\u00edd \u00e1r nd\u00edcheall clo\u00ed leis na treoirl\u00ednte agus caighde\u00e1in a nglactar leo maidir le c\u00farsa\u00ed \u00e1isi\u00falachta agus in\u00fas\u00e1ideachta, n\u00ed bh\u00edonn s\u00e9 ind\u00e9anta amhlaidh a dh\u00e9anamh i gc\u00f3na\u00ed i ngach cuid den l\u00e1ithre\u00e1n gr\u00e9as\u00e1in. M\u00e1 bh\u00edonn aon deacracht agat rochtain a fh\u00e1il ar an l\u00e1ithre\u00e1n gr\u00e9as\u00e1in, n\u00e1 b\u00edodh drogall ort teagmh\u00e1il a dh\u00e9anamh linn.<\/p>\n<p>&nbsp;<\/p>\n<p><strong>Doicim\u00e9id PDF<\/strong><\/p>\n<p>D\u00e9anaimid \u00e1r nd\u00edcheall a chinnti\u00fa go bhfuil na doicim\u00e9id PDF ar an l\u00e1ithre\u00e1n gr\u00e9as\u00e1in inrochtana, nuair is f\u00e9idir. Nuair a roghna\u00edtear iad, oscl\u00f3idh na doicim\u00e9id PDF ar an l\u00e1ithre\u00e1n gr\u00e9as\u00e1in seo i bhfuinneog nua. Chun rochtain a fh\u00e1il ar dhoicim\u00e9id PDF beidh <a href=\"https:\/\/get.adobe.com\/reader\/\" target=\"_blank\" rel=\"noopener noreferrer\"><span style=\"color: #0d9bd4;\">Adobe Acrobat Reader ag teast\u00e1il uait agus is f\u00e9idir leat \u00e9 a \u00edosl\u00f3d\u00e1il saor in aisce anseo<\/a><\/p>\n<p>M\u00e1 t\u00e1 deacracht le form\u00e1id dhoicim\u00e9id ar leith, agus eolas ag teast\u00e1il uait maidir le form\u00e1id leictreonach eile, cuir \u00e9 sin in i\u00fal d\u00fainn agus d\u00e9anfaimid \u00e1r nd\u00edcheall leagan n\u00edos inrochtana a chur ar f\u00e1il.<\/p>\n<p><strong>\u00cdomhanna<\/strong><\/p>\n<p>\u00das\u00e1ideann gach \u00edomha sa l\u00e1ithre\u00e1n gr\u00e9as\u00e1in seo clibeanna tuairisci\u00fala ALT n\u00f3 LONGDESC.<\/p>\n<p><strong>Dearadh Amhairc<\/strong><\/p>\n<p>T\u00e1 nasc mionriain ar f\u00e1il ag barr gach leathanaigh chun cuidi\u00fa le nasclean\u00faint.<\/p>\n<p>N\u00ed \u00fas\u00e1ideann an l\u00e1ithre\u00e1n ach cl\u00f3mh\u00e9id choibhneasta, at\u00e1 oiri\u00fanach le rogha \u201ct\u00e9acsmh\u00e9id\u201d \u00fas\u00e1ideoir-shonraithe i mbrabhs\u00e1laithe amhairc. T\u00e1 bosca cuardaigh ag an leathanach baile agus ar gach leathanach inmhe\u00e1nach.<\/p>\n<p><strong>Bogearra Inrochtaineachta<\/strong><\/p>\n<ul>\n<li><a href=\"http:\/\/www.freedomscientific.com\/Products\/Blindness\/JAWS\" target=\"_blank\" rel=\"noopener noreferrer\"><span style=\"color: #0d9bd4;\">JAWS<\/span><\/a>, l\u00e9itheoir sc\u00e1ile\u00e1in le haghaidh Windows. T\u00e1 sampla, at\u00e1 teoranta \u00f3 thaobh ama di, ar f\u00e1il le h\u00edosl\u00f3d\u00e1il.<\/li>\n<li><a href=\"https:\/\/www.nvaccess.org\/\" target=\"_blank\" rel=\"noopener noreferrer\"><span style=\"color: #0d9bd4;\">NAVS<\/span><\/a>, l\u00e9itheoir sc\u00e1ile\u00e1in saor in aisce ar f\u00e9idir leis an t\u00e9acs a thiont\u00fa go dt\u00ed braille m\u00e1 bh\u00edonn gl\u00e9as ar a dtugtar \u201cbraille display\u201d ag an \u00fas\u00e1ideoir.<\/li>\n<\/ul>\n<p><strong>Riachtanais Brabhs\u00e1la\u00ed <\/strong><\/p>\n<p><strong>\u00a0<\/strong>Ba ch\u00f3ir go n-oibreodh l\u00e1ithre\u00e1n gr\u00e9as\u00e1in na Roinne Caiteachais Phoibl\u00ed agus Athch\u00f3irithe le haon brabhs\u00e1la\u00ed at\u00e1 bunaithe ar chaighde\u00e1in nua-aimseartha. N\u00edl brabhs\u00e1la\u00ed ar leith ag teast\u00e1il \u00f3n Roinn n\u00f3 n\u00ed dh\u00e9anann an Roinn aon bhrabhs\u00e1la\u00ed ar leith a mholadh, toisc go dtaca\u00ed\u00f3nn \u00e1r l\u00e1ithre\u00e1in ghr\u00e9as\u00e1in agus \u00e1r bhfeidhmchl\u00e1ir phoibl\u00ed leaganacha reatha na mbrabhs\u00e1laithe m\u00f3ra. T\u00e1 an t\u00e1st\u00e1il d\u00edrithe ar na brabhs\u00e1laithe is coitianta a \u00fas\u00e1idtear. Ag an am seo, \u00e1ir\u00edonn s\u00e9 sin go sonrach Internet Explorer agus Chrome \u2013 ba ch\u00f3ir go n-oibreodh brabhs\u00e1laithe eile cos\u00fail le Safari, Opera agus Edge, ach nach bhfuil siad \u00e1 d\u2019t\u00e1st\u00e1il go fairsing mar gheall ar \u00fas\u00e1id \u00edseal ar \u00e1r l\u00e1ithre\u00e1in.<\/p>\n<p>Amhail M\u00e1rta 2017, b\u2019iad seo a leanas leaganacha tacaithe na ngn\u00e1th-bhrabhs\u00e1laithe a rinneamar t\u00e1st\u00e1il ina leith.<\/p>\n<ul>\n<li>IE 10+<\/li>\n<li>Chrome 56.0+<\/li>\n<\/ul>\n<p><strong>Oifigeach Rochtana<\/strong><\/p>\n<p>T\u00e1 tuilleadh eolais maidir le hinrochtaineacht ar f\u00e1il \u00f3 Oifigeach Rochtana na Roinne, tr\u00ed ghlaoch ar (01) 669 6334 n\u00f3 tr\u00ed r\u00edomhphost a sheoladh chuig <a href=\"mailto:disabilityliaisonofficer@per.gov.ie\" <span style=\"color: #0d9bd4;\">disabilityliaisonofficer@per.gov.ie<\/a><\/p>","protected":false},"excerpt":{"rendered":"<p>R\u00e1iteas Inrochtaineachta T\u00e1 an l\u00e1ithre\u00e1n gr\u00e9as\u00e1in seo forbartha ag an Roinn Chaiteachais Phoibl\u00ed agus Athch\u00f3irithe. R\u00e1iteas Inrochtaineachta T\u00e1 an Roinn &#8230;<\/p>\n","protected":false},"author":13,"featured_media":0,"parent":0,"menu_order":0,"comment_status":"closed","ping_status":"closed","template":"content-template.php","meta":[],"categories":[10,9],"tags":[20,21,19],"acf":[],"_links":{"self":[{"href":"https:\/\/singlepensionscheme.gov.ie\/ga\/wp-json\/wp\/v2\/pages\/193"}],"collection":[{"href":"https:\/\/singlepensionscheme.gov.ie\/ga\/wp-json\/wp\/v2\/pages"}],"about":[{"href":"https:\/\/singlepensionscheme.gov.ie\/ga\/wp-json\/wp\/v2\/types\/page"}],"author":[{"embeddable":true,"href":"https:\/\/singlepensionscheme.gov.ie\/ga\/wp-json\/wp\/v2\/users\/13"}],"replies":[{"embeddable":true,"href":"https:\/\/singlepensionscheme.gov.ie\/ga\/wp-json\/wp\/v2\/comments?post=193"}],"version-history":[{"count":15,"href":"https:\/\/singlepensionscheme.gov.ie\/ga\/wp-json\/wp\/v2\/pages\/193\/revisions"}],"predecessor-version":[{"id":7666,"href":"https:\/\/singlepensionscheme.gov.ie\/ga\/wp-json\/wp\/v2\/pages\/193\/revisions\/7666"}],"wp:attachment":[{"href":"https:\/\/singlepensionscheme.gov.ie\/ga\/wp-json\/wp\/v2\/media?parent=193"}],"wp:term":[{"taxonomy":"category","embeddable":true,"href":"https:\/\/singlepensionscheme.gov.ie\/ga\/wp-json\/wp\/v2\/categories?post=193"},{"taxonomy":"post_tag","embeddable":true,"href":"https:\/\/singlepensionscheme.gov.ie\/ga\/wp-json\/wp\/v2\/tags?post=193"}],"curies":[{"name":"wp","href":"https:\/\/api.w.org\/{rel}","templated":true}]}}