{"id":195,"date":"2017-02-27T16:10:09","date_gmt":"2017-02-27T16:10:09","guid":{"rendered":"http:\/\/172.26.164.187\/?page_id=195"},"modified":"2019-06-04T17:25:08","modified_gmt":"2019-06-04T16:25:08","slug":"disclaimer","status":"publish","type":"page","link":"https:\/\/singlepensionscheme.gov.ie\/ga\/disclaimer\/","title":{"rendered":"S\u00e9anadh"},"content":{"rendered":"<p><\/p>\n<h1 style=\"text-align: left;\"><span style=\"font-size: 28px; color: #0d9bd4;\"><strong>R\u00e1iteas S\u00e9anadh<\/strong><\/span><\/h1>\n<hr style=\"height: 1px; background: #0d9bd4;\" \/>\n<p>T\u00e1 an l\u00e1ithre\u00e1n gr\u00e9as\u00e1in seo forbartha ag an Roinn Chaiteachais Phoibl\u00ed agus Athch\u00f3irithe.<\/p>\n<p><strong>S\u00e9anadh<\/strong><\/p>\n<p>T\u00e1 gach c\u00faram r\u00e9as\u00fanach glactha ag an Roinn Caiteachais Phoibl\u00ed agus Athch\u00f3irithe ag t\u00e1irgeadh na leathanach gr\u00e9as\u00e1in seo chun eolas ginear\u00e1lta a chur ar f\u00e1il do l\u00e9itheoir\u00ed\/\u00fas\u00e1ideoir\u00ed maidir le for\u00e1lacha Sc\u00e9im Aonair Pinsin na Seirbh\u00edse Poibl\u00ed arna rial\u00fa ag <a href=\"https:\/\/singlepensionscheme.gov.ie\/ga\/circulars\/\" target=\"_blank\" rel=\"noopener noreferrer\"><span style=\"color: #0d9bd4;\">Acht na Seirbh\u00edse Poibl\u00ed (Sc\u00e9im Aonair agus For\u00e1lacha Eile) 2012 agus rialach\u00e1in ghaolmhara<\/span><\/a>. Tuigtear go bhfuil an t-eolas at\u00e1 ar f\u00e1il ar an l\u00e1ithre\u00e1n seo cruinn tr\u00e1th an fhoilsithe thosaigh n\u00f3 an mhodhnaithe is d\u00e9ana\u00ed.<\/p>\n<p>C\u00e9 go bhfuil c\u00faram a th\u00f3g\u00e1il in ullmh\u00fa agus foilsi\u00fa \u00e1bhar an l\u00e1ithre\u00e1in ghr\u00e9as\u00e1in seo, n\u00ed ghlacann an Roinn Caiteachais Phoibl\u00ed agus Athch\u00f3irithe dliteanas dl\u00edthi\u00fail n\u00f3 eile as aon mh\u00edchruinneas, bhot\u00fan, mh\u00edr\u00e1iteas n\u00f3 aon earr\u00e1id eile de shaghas ar bith at\u00e1 ar f\u00e1il anseo. S\u00e9anann an Roinn Caiteachais Phoibl\u00ed agus Athch\u00f3irithe go foirmi\u00fail dliteanas i leith na nithe thuasluaite. T\u00e1 an t-eolas at\u00e1 sa l\u00e1ithre\u00e1n seo de chine\u00e1l comhdhl\u00faite agus ginear\u00e1lta agus sin amh\u00e1in agus is f\u00e9idir leis athr\u00fa \u00f3 am go ham. N\u00edor cheart a bheith ag brath air as f\u00e9in chun cearta dl\u00edthi\u00fala n\u00f3 cinnt\u00ed eile a chinneadh. Moltar do l\u00e9itheoir\u00ed\/\u00fas\u00e1ideoir\u00ed dul i gcomhairle Acht na Seirbh\u00edse Poibl\u00ed (Sc\u00e9im Aonair agus For\u00e1lacha Eile), 2012 agus na rialach\u00e1in ghaolmhara n\u00f3 aon eolas gur mian leo brath air a bhail\u00edocht\u00fa, tr\u00ed theagmh\u00e1il dh\u00edreach agus bheo leis an Roinn Caiteachais Phoibl\u00ed agus Athch\u00f3irithe.<\/p>\n<p>N\u00edl an Roinn Caiteachais Phoibl\u00ed agus Athch\u00f3irithe freagrach as \u00e1bhar n\u00f3 cleachtais phr\u00edobh\u00e1ideachta l\u00e1ithre\u00e1in ghr\u00e9as\u00e1in tr\u00ed\u00fa p\u00e1irt\u00ed a d\u2019fh\u00e9adf\u00e1 nascadh leis \u00f3n l\u00e1ithre\u00e1n seo.<\/p>\n<p><strong>C\u00f3ipcheart<\/strong><\/p>\n<p>Is maoin de chuid na Roinne Caiteachais Phoibl\u00ed agus Athch\u00f3irithe \u00e9 an c\u00f3ipcheart san \u00e1bhar at\u00e1 ar f\u00e1il ar an l\u00e1ithre\u00e1n seo, mura luaitear a mhalairt go sonrach, agus t\u00e1 s\u00e9 faoi r\u00e9ir an Achta um Ch\u00f3ipcheart agus Cearta Gaolmhara, 2000. T\u00e1 toili\u00fa na Roinne Caiteachais Phoibl\u00ed agus Athch\u00f3irithe ag teast\u00e1il sular f\u00e9idir an t-\u00e1bhar n\u00f3 aon chuid de a ch\u00f3ipe\u00e1il n\u00f3 a oiri\u00fan\u00fa ar aon bhealach n\u00f3 a chuir ar f\u00e1il don phobal tr\u00ed mhodh ar bith agus t\u00e1 aon toili\u00fa den chine\u00e1l sin ag brath ar aitheantas cu\u00ed a thabhairt ar chearta na Roinne Caiteachais Phoibl\u00ed agus Athch\u00f3irithe.<\/p>\n<p>N\u00ed leathna\u00edonn an cead maidir le h\u00e1bhar c\u00f3ipchirt an Rialtais a at\u00e1irgeadh chuig aon \u00edomh\u00e1 at\u00e1 ar an l\u00e1ithre\u00e1n seo.<\/p>\n<p>Deona\u00edtear cead (cead\u00fanas) duit:<\/p>\n<ul>\n<li>an t-\u00e1bhar seo a bhrabhs\u00e1il (lena n-\u00e1ir\u00edtear c\u00f3ipeanna den chine\u00e1l sin a dh\u00e9anamh i RAM n\u00f3 i ngl\u00e9as st\u00f3r\u00e1la sealadach eile is g\u00e1 chun brabhs\u00e1il den chine\u00e1l sin a \u00e9asc\u00fa)<\/li>\n<li>cruach\u00f3ipeanna d\u2019\u00fas\u00e1id phearsanta n\u00f3 ghn\u00f3 a phriont\u00e1il amach<\/li>\n<li>naisc go dt\u00ed leathanach baile Sc\u00e9im Aonair Pinsin na Seirbh\u00edse Poibl\u00ed a chruth\u00fa, comhaid a sh\u00e1bh\u00e1il, leathanaigh a leithdh\u00e1ileadh agus a at\u00e1irgeadh \u2013 ar choinn\u00edoll go bhfuil an fhoinse luaite agus nach bhfuil an t-\u00e1bhar as a riocht. (N.B. Go h\u00e1irithe, n\u00ed m\u00f3r URLanna ar shu\u00edomhanna pearsanta n\u00f3 gn\u00f3 a dh\u00e9anann nasc le heilimint\u00ed d\u00e1r l\u00e1ithre\u00e1n gr\u00e9as\u00e1in a chumr\u00fa ionas go l\u00e9ireofar an t-\u00e1bhar arna rochtain ar \u00e1r bhfreastalaithe mar an t-aon ghn\u00e9 amh\u00e1in d\u2019fhuinneog an bhrabhs\u00e1la\u00ed)<\/li>\n<\/ul>\n<p>F\u00e9ach ar \u00e1r leathanach maidir le <a href=\"http:\/\/www.per.gov.ie\/ga\/re-use-of-public-sector-information\/\" target=\"_blank\" rel=\"noopener noreferrer\"><span style=\"color: #0d9bd4;\">heolas na hearn\u00e1la poibl\u00ed a ath\u00fas\u00e1id<\/span><\/a>, lena n-\u00e1ir\u00edtear an cead\u00fanas lena bhaineann an ath\u00fas\u00e1id.<\/p>\n<p><strong>Nuashonruithe<\/strong><\/p>\n<p>Coime\u00e1dann an Roinn Caiteachais Phoibl\u00ed agus Athch\u00f3irithe an ceart aon eolas ar an l\u00e1ithre\u00e1n seo a scriosadh n\u00f3 a mhodhn\u00fa i bp\u00e1irt n\u00f3 go hioml\u00e1n gan r\u00e9amh-fh\u00f3gra.<\/p>","protected":false},"excerpt":{"rendered":"<p>R\u00e1iteas S\u00e9anadh T\u00e1 an l\u00e1ithre\u00e1n gr\u00e9as\u00e1in seo forbartha ag an Roinn Chaiteachais Phoibl\u00ed agus Athch\u00f3irithe. S\u00e9anadh T\u00e1 gach c\u00faram r\u00e9as\u00fanach &#8230;<\/p>\n","protected":false},"author":13,"featured_media":0,"parent":0,"menu_order":0,"comment_status":"closed","ping_status":"closed","template":"content-template.php","meta":[],"categories":[10,9],"tags":[20,21,19],"acf":[],"_links":{"self":[{"href":"https:\/\/singlepensionscheme.gov.ie\/ga\/wp-json\/wp\/v2\/pages\/195"}],"collection":[{"href":"https:\/\/singlepensionscheme.gov.ie\/ga\/wp-json\/wp\/v2\/pages"}],"about":[{"href":"https:\/\/singlepensionscheme.gov.ie\/ga\/wp-json\/wp\/v2\/types\/page"}],"author":[{"embeddable":true,"href":"https:\/\/singlepensionscheme.gov.ie\/ga\/wp-json\/wp\/v2\/users\/13"}],"replies":[{"embeddable":true,"href":"https:\/\/singlepensionscheme.gov.ie\/ga\/wp-json\/wp\/v2\/comments?post=195"}],"version-history":[{"count":13,"href":"https:\/\/singlepensionscheme.gov.ie\/ga\/wp-json\/wp\/v2\/pages\/195\/revisions"}],"predecessor-version":[{"id":2452,"href":"https:\/\/singlepensionscheme.gov.ie\/ga\/wp-json\/wp\/v2\/pages\/195\/revisions\/2452"}],"wp:attachment":[{"href":"https:\/\/singlepensionscheme.gov.ie\/ga\/wp-json\/wp\/v2\/media?parent=195"}],"wp:term":[{"taxonomy":"category","embeddable":true,"href":"https:\/\/singlepensionscheme.gov.ie\/ga\/wp-json\/wp\/v2\/categories?post=195"},{"taxonomy":"post_tag","embeddable":true,"href":"https:\/\/singlepensionscheme.gov.ie\/ga\/wp-json\/wp\/v2\/tags?post=195"}],"curies":[{"name":"wp","href":"https:\/\/api.w.org\/{rel}","templated":true}]}}