{"id":197,"date":"2017-01-01T00:00:00","date_gmt":"2017-01-01T00:00:00","guid":{"rendered":"http:\/\/172.26.164.187\/?page_id=197"},"modified":"2019-06-04T17:24:49","modified_gmt":"2019-06-04T16:24:49","slug":"privacy","status":"publish","type":"page","link":"https:\/\/singlepensionscheme.gov.ie\/ga\/privacy\/","title":{"rendered":"R\u00e1iteas Pr\u00edobh\u00e1ideachas"},"content":{"rendered":"<p><\/p>\n<h1 style=\"text-align: left;\"><span style=\"font-size: 28px; color: #0d9bd4;\"><strong>R\u00e1iteas Pr\u00edobh\u00e1ideachas<\/strong><\/span><\/h1>\n<hr style=\"height: 1px; background: #0d9bd4;\" \/>\n<p>T\u00e1 an l\u00e1ithre\u00e1n gr\u00e9as\u00e1in seo forbartha ag an Roinn Chaiteachais Phoibl\u00ed agus Athch\u00f3irithe.<\/p>\n<p><strong>R\u00e1iteas Pr\u00edobh\u00e1ideachais an L\u00e1ithre\u00e1in Ghr\u00e9as\u00e1in<\/strong><\/p>\n<p>Baineann an r\u00e1iteas seo len\u00e1r gcleachtais phr\u00edobh\u00e1ideachta maidir leis an l\u00e1ithre\u00e1n gr\u00e9as\u00e1in seo. N\u00edl an Roinn Caiteachais Phoibl\u00ed agus Athch\u00f3irithe <em>(&#8220;An Roinn&#8221;) <\/em>freagrach as \u00e1bhar n\u00f3 cleachtais phr\u00edobh\u00e1ideachais l\u00e1ithre\u00e1in ghr\u00e9as\u00e1in tr\u00ed\u00fa p\u00e1irt\u00ed a d&#8217;fh\u00e9adfadh a bheith nasctha leis an l\u00e1ithre\u00e1n seo. Is f\u00e9idir aon nasc seachtrach chuig l\u00e1ithre\u00e1in ghr\u00e9as\u00e1in eile a aithint go soil\u00e9ir. D\u00e9antar cuid de na t\u00e9arma\u00ed teicni\u00fala a \u00fas\u00e1idtear sa r\u00e1iteas a mh\u00edni\u00fa ag deireadh an leathanaigh seo.<\/p>\n<p><strong>R\u00e1iteas Ginear\u00e1lta<\/strong><\/p>\n<p>T\u00e1 meas ioml\u00e1n againn ar do cheart chun pr\u00edobh\u00e1ideachais, agus n\u00ed bhaileoimid aon eolas pearsanta f\u00fat ar an l\u00e1ithre\u00e1n gr\u00e9as\u00e1in seo gan do thoili\u00fa. Caithfear le haon eolas pearsanta a thabharfaidh t\u00fa d\u00fainn leis na caighde\u00e1in is airde sl\u00e1nd\u00e1la agus r\u00fandachta, de r\u00e9ir na nAchtanna um Chosaint Sonra\u00ed, 1988 agus 2003.<\/p>\n<p>D\u00e9anfar aon athr\u00fa a thagann ar an r\u00e1iteas pr\u00edobh\u00e1ideachais seo a phost\u00e1il ar an l\u00e1ithre\u00e1n gr\u00e9as\u00e1in seo ionas go mbeidh t\u00fa ar an eolas faoi gcine\u00e1l eolas a bhail\u00edtear, conas a \u00fas\u00e1idimid \u00e9 agus cad iad na himthosca, m\u00e1s ann d\u00f3ibh, ina nochtfa\u00ed an t-eolas sin.<\/p>\n<p><strong>Baili\u00fa agus \u00fas\u00e1id Eolas Pearsanta<\/strong><\/p>\n<p>N\u00ed bhail\u00edmid aon sonra\u00ed pearsanta f\u00fat ar an l\u00e1ithre\u00e1n gr\u00e9as\u00e1in seo seachas eolas a roghna\u00edonn t\u00fa a thabhairt d\u00fainn (mar shampla tr\u00ed r\u00edomhphost a sheoladh chugainn). N\u00ed chuirtear aon eolas a shol\u00e1thra\u00edonn t\u00fa ar an mbealach seo ar f\u00e1il do thr\u00ed\u00fa p\u00e1irt\u00ed, gan a thuilleadh toili\u00fa a bheith faighte uait, agus is sinne amh\u00e1in a bhainfidh \u00fas\u00e1id as chun na cr\u00edche ar chuici a sol\u00e1thra\u00edodh \u00e9.<\/p>\n<p><strong>Baili\u00fa agus \u00fas\u00e1id Eolas Teicni\u00fail<\/strong><\/p>\n<p><strong><em>Fian\u00e1in<\/em><\/strong><\/p>\n<p>\u00das\u00e1ideann an l\u00e1ithre\u00e1n gr\u00e9as\u00e1in teicneola\u00edocht &#8220;fian\u00e1in&#8221;. Is \u00e9ard is fian\u00e1n ann n\u00e1 p\u00edosa beag sonra n\u00f3 comhad beag t\u00e9acs at\u00e1 st\u00f3r\u00e1ilte ag an mbrabhs\u00e1la\u00ed ar do r\u00edomhaire ag l\u00e1ithre\u00e1n gr\u00e9as\u00e1in. Is f\u00e9idir leis an l\u00e1ithre\u00e1n gr\u00e9as\u00e1in roinnt fian\u00e1n a l\u00e9amh nuair a thugann t\u00fa cuairt ar an l\u00e1ithre\u00e1n gr\u00e9as\u00e1in in athuair. D\u2019fh\u00e9adfadh an t-eolas at\u00e1 st\u00f3r\u00e1ilte i bhfian\u00e1n a bheith bainteach le do n\u00f3sanna brabhs\u00e1la ar \u00e1r leathanach gr\u00e9as\u00e1in, n\u00f3 le huimhir aitheantais uath\u00fail ionas gur f\u00e9idir leis an l\u00e1ithre\u00e1n gr\u00e9as\u00e1in &#8216;cuimhneamh&#8217; ort nuair a thugann t\u00fa cuairt in athuair. Tr\u00edd is tr\u00edd, n\u00ed chuims\u00edonn fian\u00e1in eolas pearsanta \u00f3nar f\u00e9idir t\u00fa a aithint, ach amh\u00e1in m\u00e1 t\u00e1 an t-eolas sin curtha ar f\u00e1il agat don l\u00e1ithre\u00e1n gr\u00e9as\u00e1in. Go h\u00e1irithe, cuireann fian\u00e1in ar \u00e1r gcumas:<\/p>\n<ul>\n<li>tr\u00e1cht na gcuairteoir\u00ed chuig \u00e1r l\u00e1ithre\u00e1n gr\u00e9as\u00e1in agus a bpatr\u00fan \u00fas\u00e1ide a thomhas<\/li>\n<li>eolas a st\u00f3r\u00e1il faoi do chuid sainroghanna, rud a chuireann ar \u00e1r gcumas \u00e1r l\u00e1ithre\u00e1n gr\u00e9as\u00e1in a shaincheapadh bunaithe ar na h\u00e1bhair a gcuireann t\u00fa sp\u00e9is iontu<\/li>\n<li>dl\u00fas a chur le do chuardach<\/li>\n<li>t\u00fa a aithint nuair a fhilleann t\u00fa ar \u00e1r l\u00e1ithre\u00e1n gr\u00e9as\u00e1in.<\/li>\n<\/ul>\n<p><strong><em>Google Analytics<\/em><\/strong><\/p>\n<p>Bainimid \u00fas\u00e1id as <em>Google Analytics<\/em>, seirbh\u00eds anail\u00eds\u00edochta gr\u00e9as\u00e1in arna sol\u00e1thar ag Google, Inc (&#8220;Google&#8221;), chun staitistic\u00ed a bhaili\u00fa ar \u00e1r l\u00e1ithre\u00e1n gr\u00e9as\u00e1in. Bainfimid \u00fas\u00e1id as an eolas a bhail\u00edtear chun \u00e1r seirbh\u00eds\u00ed gr\u00e9as\u00e1in a fheabhs\u00fa d\u00e1r gcuairteoir\u00ed. Baineann <em>Google Analytics<\/em> \u00fas\u00e1id as fian\u00e1in chun seisi\u00fain \u00fas\u00e1ideora a aithint, lena gceada\u00edtear baili\u00fa sonra\u00ed t\u00e1bhachtacha faoin gcaoi a bhfuil \u00e1r gcuairteoir\u00ed ag baint \u00fas\u00e1ide as an l\u00e1ithre\u00e1n. N\u00ed \u00fas\u00e1ideann <em>Google Analytics <\/em>ach fian\u00e1in ch\u00e9ad-ph\u00e1irt\u00ed le haghaidh anail\u00edse sonra\u00ed. Cialla\u00edonn s\u00e9 seo go bhfuil na fian\u00e1in nasctha le fearann \u00e1r l\u00e1ithre\u00e1in ghr\u00e9as\u00e1in, agus n\u00ed \u00fas\u00e1idfimid ach amh\u00e1in na sonra\u00ed fian\u00e1n sin le haghaidh anail\u00edse staitisti\u00fail a bhaineann le d\u2019iompar brabhs\u00e1la ar \u00e1r l\u00e1ithre\u00e1in ghr\u00e9as\u00e1in. M\u00e1 roghna\u00edonn t\u00fa, is f\u00e9idir leat rogha an di\u00faltaithe a roghn\u00fa tr\u00ed fhian\u00e1in a mh\u00fachadh sna socruithe sainroghanna i do bhrabhs\u00e1la\u00ed.<\/p>\n<p>Is f\u00e9idir rogha an di\u00faltaithe a roghn\u00fa ionas nach nd\u00e9anfaidh <em>Google Analytics<\/em> rian\u00fa ort tr\u00ed bhreise\u00e1n bhrabhs\u00e1la\u00ed Rogha an Di\u00faltaithe <em>Google Analytics<\/em> a \u00edosl\u00f3d\u00e1il agus a shuite\u00e1il do do bhrabhs\u00e1la\u00ed gr\u00e9as\u00e1in reatha: <a href=\"http:\/\/tools.google.com\/dlpage\/gaoptout?hl=en\" target=\"_blank\" rel=\"noopener noreferrer\"><span style=\"color: #0d9bd4;\">Breise\u00e1n Bhrabhs\u00e1la\u00ed Rogha an Di\u00faltaithe <em>Google Analytics<\/em> <\/a><\/p>\n<p>Is f\u00e9idir leat Rogha an Di\u00faltaithe a roghn\u00fa chomh maith tr\u00ed fhian\u00e1in sna socruithe sainroghanna i do bhrabhs\u00e1la\u00ed a mh\u00fachadh. Le haghaidh tuilleadh eolais a fh\u00e1il ar <em>Google Analytics<\/em>, tabhair cuairt ar <a href=\"http:\/\/code.google.com\/apis\/analytics\/docs\/concepts\/gaConceptsCookies.html\" target=\"_blank\" rel=\"noopener noreferrer\"><span style=\"color: #0d9bd4;\">l\u00e1ithre\u00e1n Google<\/a>.<\/p>\n<p>N\u00ed dh\u00e9anfaidh an Roinn aon iarracht cuairteoir\u00ed aonair a aithint, n\u00e1 na sonra\u00ed teicni\u00fala thuas a cheangal le haon duine ar leith.<\/p>\n<p>N\u00ed bheidh an t-eolas teicni\u00fail in \u00fas\u00e1id ach amh\u00e1in ag an Roinn Caiteachais Phoibl\u00ed agus Athch\u00f3irithe, agus is chun cr\u00edocha staidrimh agus sin amh\u00e1in a \u00fas\u00e1idfear \u00e9 chun cabhr\u00fa linn in\u00fas\u00e1idteach agus inrochtaineacht \u00e1r l\u00e1ithre\u00e1in a mh\u00e9ad\u00fa.<\/p>\n<p>Ba ch\u00f3ir duit a thabhairt ar aird nach ionann sonra\u00ed teicni\u00fala, nach f\u00e9idir linn a lua le haon duine inaitheanta, agus &#8220;sonra\u00ed pearsanta&#8221; chun cr\u00edocha na nAchtanna um Chosaint Sonra\u00ed, 1988 &amp; 2003.<\/p>\n<p><strong><em>Gluais na dT\u00e9arma\u00ed teicni\u00fala arna n\u00das\u00e1id<\/em><\/strong><\/p>\n<p><strong>Brabhs\u00e1la\u00ed gr\u00e9as\u00e1in<\/strong><\/p>\n<p>An p\u00edosa bogearra a \u00fas\u00e1ideann t\u00fa chun leathanaigh ghr\u00e9as\u00e1in a l\u00e9amh. Mar shampla Microsoft Internet Explorer, Firefox, Mozilla, Safari agus Opera.<\/p>\n<p><strong>Seoladh IP<\/strong><\/p>\n<p>Na sonra\u00ed aitheantais le haghaidh do r\u00edomhaire (n\u00f3 r\u00edomhaire do chuideachta Idirl\u00edn), arna sloinneadh i gc\u00f3d &#8220;pr\u00f3tacal idirl\u00edn&#8221; (mar shampla 123.456.78.90). T\u00e1 a seoladh IP uath\u00fail ag gach r\u00edomhaire at\u00e1 nasctha leis an ngr\u00e9as\u00e1n, c\u00e9 go mb\u2019fh\u00e9idir nach \u00e9 an seoladh c\u00e9anna a bheidh in \u00fas\u00e1id gach uair a dh\u00e9antar ceangal.<\/p>","protected":false},"excerpt":{"rendered":"<p>R\u00e1iteas Pr\u00edobh\u00e1ideachas T\u00e1 an l\u00e1ithre\u00e1n gr\u00e9as\u00e1in seo forbartha ag an Roinn Chaiteachais Phoibl\u00ed agus Athch\u00f3irithe. R\u00e1iteas Pr\u00edobh\u00e1ideachais an L\u00e1ithre\u00e1in Ghr\u00e9as\u00e1in &#8230;<\/p>\n","protected":false},"author":13,"featured_media":0,"parent":0,"menu_order":0,"comment_status":"closed","ping_status":"closed","template":"content-template.php","meta":[],"categories":[10,9],"tags":[16,15,13,14],"acf":[],"_links":{"self":[{"href":"https:\/\/singlepensionscheme.gov.ie\/ga\/wp-json\/wp\/v2\/pages\/197"}],"collection":[{"href":"https:\/\/singlepensionscheme.gov.ie\/ga\/wp-json\/wp\/v2\/pages"}],"about":[{"href":"https:\/\/singlepensionscheme.gov.ie\/ga\/wp-json\/wp\/v2\/types\/page"}],"author":[{"embeddable":true,"href":"https:\/\/singlepensionscheme.gov.ie\/ga\/wp-json\/wp\/v2\/users\/13"}],"replies":[{"embeddable":true,"href":"https:\/\/singlepensionscheme.gov.ie\/ga\/wp-json\/wp\/v2\/comments?post=197"}],"version-history":[{"count":16,"href":"https:\/\/singlepensionscheme.gov.ie\/ga\/wp-json\/wp\/v2\/pages\/197\/revisions"}],"predecessor-version":[{"id":5081,"href":"https:\/\/singlepensionscheme.gov.ie\/ga\/wp-json\/wp\/v2\/pages\/197\/revisions\/5081"}],"wp:attachment":[{"href":"https:\/\/singlepensionscheme.gov.ie\/ga\/wp-json\/wp\/v2\/media?parent=197"}],"wp:term":[{"taxonomy":"category","embeddable":true,"href":"https:\/\/singlepensionscheme.gov.ie\/ga\/wp-json\/wp\/v2\/categories?post=197"},{"taxonomy":"post_tag","embeddable":true,"href":"https:\/\/singlepensionscheme.gov.ie\/ga\/wp-json\/wp\/v2\/tags?post=197"}],"curies":[{"name":"wp","href":"https:\/\/api.w.org\/{rel}","templated":true}]}}