{"id":2,"date":"2017-01-03T19:02:08","date_gmt":"2017-01-03T19:02:08","guid":{"rendered":"http:\/\/172.26.0.20\/?page_id=2"},"modified":"2018-01-11T17:02:45","modified_gmt":"2018-01-11T17:02:45","slug":"home","status":"publish","type":"page","link":"https:\/\/singlepensionscheme.gov.ie\/ga\/","title":{"rendered":"Home"},"content":{"rendered":"<p><\/p>\n<h1 style=\"text-align: center;\"><span style=\"font-size: 28px;\">F\u00e1ilte chuig su\u00edomh Gr\u00e9as\u00e1in na Sc\u00e9ime Pinsean Seirbh\u00edse Poibl\u00ed Aonair. Clice\u00e1il ar an r\u00e9imse \u00e1bhartha th\u00edos chun rochtain a fh\u00e1il ar an bhfaisn\u00e9is faoin sc\u00e9im agus ar na hacmhainn\u00ed sc\u00e9ime a oireann is fearr do do riachtanais<\/span><\/h1>\n<p><\/p>","protected":false},"excerpt":{"rendered":"<p>F\u00e1ilte chuig su\u00edomh Gr\u00e9as\u00e1in na Sc\u00e9ime Pinsean Seirbh\u00edse Poibl\u00ed Aonair. Clice\u00e1il ar an r\u00e9imse \u00e1bhartha th\u00edos chun rochtain a fh\u00e1il &#8230;<\/p>\n","protected":false},"author":13,"featured_media":0,"parent":0,"menu_order":0,"comment_status":"closed","ping_status":"open","template":"home.php","meta":[],"categories":[],"tags":[20,21,19],"acf":[],"_links":{"self":[{"href":"https:\/\/singlepensionscheme.gov.ie\/ga\/wp-json\/wp\/v2\/pages\/2"}],"collection":[{"href":"https:\/\/singlepensionscheme.gov.ie\/ga\/wp-json\/wp\/v2\/pages"}],"about":[{"href":"https:\/\/singlepensionscheme.gov.ie\/ga\/wp-json\/wp\/v2\/types\/page"}],"author":[{"embeddable":true,"href":"https:\/\/singlepensionscheme.gov.ie\/ga\/wp-json\/wp\/v2\/users\/13"}],"replies":[{"embeddable":true,"href":"https:\/\/singlepensionscheme.gov.ie\/ga\/wp-json\/wp\/v2\/comments?post=2"}],"version-history":[{"count":22,"href":"https:\/\/singlepensionscheme.gov.ie\/ga\/wp-json\/wp\/v2\/pages\/2\/revisions"}],"predecessor-version":[{"id":702,"href":"https:\/\/singlepensionscheme.gov.ie\/ga\/wp-json\/wp\/v2\/pages\/2\/revisions\/702"}],"wp:attachment":[{"href":"https:\/\/singlepensionscheme.gov.ie\/ga\/wp-json\/wp\/v2\/media?parent=2"}],"wp:term":[{"taxonomy":"category","embeddable":true,"href":"https:\/\/singlepensionscheme.gov.ie\/ga\/wp-json\/wp\/v2\/categories?post=2"},{"taxonomy":"post_tag","embeddable":true,"href":"https:\/\/singlepensionscheme.gov.ie\/ga\/wp-json\/wp\/v2\/tags?post=2"}],"curies":[{"name":"wp","href":"https:\/\/api.w.org\/{rel}","templated":true}]}}