{"id":212,"date":"2017-03-02T12:00:41","date_gmt":"2017-03-02T12:00:41","guid":{"rendered":"http:\/\/172.26.164.187\/?page_id=212"},"modified":"2021-05-18T16:28:21","modified_gmt":"2021-05-18T15:28:21","slug":"overview","status":"publish","type":"page","link":"https:\/\/singlepensionscheme.gov.ie\/ga\/overview\/","title":{"rendered":"Forbhreathn\u00fa"},"content":{"rendered":"<p><\/p>\n<h1 style=\"text-align: left;\"><span style=\"font-size: 28px; color: #0d9bd4;\"><strong>Sc\u00e9im Pinsean Seirbh\u00edse Poibl\u00ed Aonair <\/strong><\/span><\/h1>\n<hr style=\"height: 1px; background: #0d9bd4;\" \/>\n<p>Th\u00e1inig an Sc\u00e9im Pinsean Seirbh\u00edse Poibl\u00ed Aonair i bhfeidhm an 1 Ean\u00e1ir 2013.\u00a0 M\u00e1s rud \u00e9 go ndeachaigh t\u00fa isteach sa tseirbh\u00eds phoibl\u00ed<br \/>\nan 1 Ean\u00e1ir 2013 n\u00f3 ina dhiaidh agus go bhfuil t\u00fa ag obair i bpost inphinsin, is \u00e9 is d\u00f3ich\u00ed gurb \u00ed sin an Sc\u00e9im Pinsean a bhaineann leat.<\/p>\n<p>Is iad seo roinnt de na gn\u00e9ithe t\u00e1bhachtacha de do Sc\u00e9im:<\/p>\n<ul>\n<li>Is Sc\u00e9im Pinsean le Sochar Sainithe at\u00e1 bunaithe ar Mhe\u00e1ntuilleamh Gairmr\u00e9ime \u00ed.\u00a0 N\u00ed infheist\u00edtear do chuid rann\u00edoca\u00edochta\u00ed sa<br \/>\nstocmhargadh agus buna\u00edtear do shochair scoir den chuid is m\u00f3 ar ch\u00e9atad\u00e1n de do thuilleamh inphinsin ar fud do ghairme sa<br \/>\ntseirbh\u00eds phoibl\u00ed mar chomhalta den Sc\u00e9im.<\/li>\n<\/ul>\n<ul>\n<li>Gach bliain, saothra\u00edonn t\u00fa m\u00e9ideanna le haghaidh do chnapshuime scoir agus do phinsin scoir.\u00a0 Buna\u00edtear na m\u00e9ideanna a thuilleann<br \/>\nt\u00fa ar an bp\u00e1 inphinsin a fhaigheann t\u00fa gach bliain mar chomhalta den Sc\u00e9im.\u00a0 Is \u00e9 ioml\u00e1n na m\u00e9ideanna sin a chinneann na sochair<br \/>\nscoir a gheobhaidh t\u00fa. D\u00e9antar roinnt coigeartuithe le haghaidh m\u00e9aduithe ar bhoilsci\u00fa.\u00a0 Tugtar tuilleadh faisn\u00e9ise i do <a href=\"https:\/\/singlepensionscheme.gov.ie\/ga\/for-members\/scheme-information\/scheme-booklet\/\" target=\"_blank\" rel=\"noopener noreferrer\"><span style=\"color: #0d9bd4;\">Bileog Sc\u00e9ime<\/span><\/a><br \/>\nfaoin d\u00f3igh a r\u00edomhtar m\u00e9ideanna is inchurtha.<\/li>\n<\/ul>\n<ul>\n<li>Is ionann an ghn\u00e1thaois scoir don chuid is m\u00f3 de chomhalta\u00ed agus an aois scoir sin don Phinsean St\u00e1it. Is \u00ed 66 bliana d\u2019aois an aois sin<br \/>\nfaoi l\u00e1thair.<\/li>\n<\/ul>\n<ul>\n<li>T\u00e1 uasteorainn aoise scoir \u00e9igeanta\u00ed de 70 bliain d\u2019aois i bhfeidhm maidir leis an gcuid is m\u00f3 de chomhalta\u00ed den Sc\u00e9im.<\/li>\n<\/ul>\n<ul>\n<li>Tar \u00e9is dul ar scor, beidh m\u00e9aduithe ar do phinsean ceangailte le boilsci\u00fa.<\/li>\n<\/ul>\n<p><strong>Is f\u00e9idir tuilleadh faisn\u00e9ise faoi fhor\u00e1lacha na Sc\u00e9ime Aonair a fh\u00e1il ach clice\u00e1il ar an <a href=\"https:\/\/singlepensionscheme.gov.ie\/ga\/for-members\/\" target=\"_blank\" rel=\"noopener noreferrer\"><span style=\"color: #0d9bd4;\">Rann\u00e1n Comhalta\u00ed<\/span><\/a> n\u00f3 ar an <a href=\"https:\/\/singlepensionscheme.gov.ie\/ga\/home\/for-employers\/\" target=\"_blank\" rel=\"noopener noreferrer\"><span style=\"color: #0d9bd4;\">Rann\u00e1n\u00a0Fost\u00f3ir\u00ed<\/span><\/a><br \/>\n\u00f3n <a href=\"https:\/\/singlepensionscheme.gov.ie\/ga\/\" target=\"_blank\" rel=\"noopener noreferrer\"><span style=\"color: #0d9bd4;\">Leathanach Baile<\/span><\/a> den su\u00edomh Gr\u00e9as\u00e1in seo<\/strong><\/p>","protected":false},"excerpt":{"rendered":"<p>Sc\u00e9im Pinsean Seirbh\u00edse Poibl\u00ed Aonair Th\u00e1inig an Sc\u00e9im Pinsean Seirbh\u00edse Poibl\u00ed Aonair i bhfeidhm an 1 Ean\u00e1ir 2013.\u00a0 M\u00e1s rud &#8230;<\/p>\n","protected":false},"author":13,"featured_media":0,"parent":0,"menu_order":0,"comment_status":"closed","ping_status":"closed","template":"content-template.php","meta":[],"categories":[10,9],"tags":[20,21,19],"acf":[],"_links":{"self":[{"href":"https:\/\/singlepensionscheme.gov.ie\/ga\/wp-json\/wp\/v2\/pages\/212"}],"collection":[{"href":"https:\/\/singlepensionscheme.gov.ie\/ga\/wp-json\/wp\/v2\/pages"}],"about":[{"href":"https:\/\/singlepensionscheme.gov.ie\/ga\/wp-json\/wp\/v2\/types\/page"}],"author":[{"embeddable":true,"href":"https:\/\/singlepensionscheme.gov.ie\/ga\/wp-json\/wp\/v2\/users\/13"}],"replies":[{"embeddable":true,"href":"https:\/\/singlepensionscheme.gov.ie\/ga\/wp-json\/wp\/v2\/comments?post=212"}],"version-history":[{"count":74,"href":"https:\/\/singlepensionscheme.gov.ie\/ga\/wp-json\/wp\/v2\/pages\/212\/revisions"}],"predecessor-version":[{"id":6820,"href":"https:\/\/singlepensionscheme.gov.ie\/ga\/wp-json\/wp\/v2\/pages\/212\/revisions\/6820"}],"wp:attachment":[{"href":"https:\/\/singlepensionscheme.gov.ie\/ga\/wp-json\/wp\/v2\/media?parent=212"}],"wp:term":[{"taxonomy":"category","embeddable":true,"href":"https:\/\/singlepensionscheme.gov.ie\/ga\/wp-json\/wp\/v2\/categories?post=212"},{"taxonomy":"post_tag","embeddable":true,"href":"https:\/\/singlepensionscheme.gov.ie\/ga\/wp-json\/wp\/v2\/tags?post=212"}],"curies":[{"name":"wp","href":"https:\/\/api.w.org\/{rel}","templated":true}]}}