{"id":2166,"date":"2017-05-12T09:56:20","date_gmt":"2017-05-12T08:56:20","guid":{"rendered":"http:\/\/singlepensionscheme.gov.ie\/?page_id=2166"},"modified":"2020-07-07T17:37:09","modified_gmt":"2020-07-07T16:37:09","slug":"annual-events","status":"publish","type":"page","link":"https:\/\/singlepensionscheme.gov.ie\/ga\/for-employers\/administrator-tools\/standard-forms-and-checklists\/annual-events\/","title":{"rendered":"Gn\u00edomha\u00edochta\u00ed Riarach\u00e1in Bhliant\u00fail"},"content":{"rendered":"<p><\/p>\n<h1 style=\"text-align: left;\"><span style=\"font-size: 28px; color: #0d9bd4;\"><strong>Annual <\/strong><\/span><span style=\"font-size: 28px; color: #0d9bd4;\"><strong>Administration Activities<\/strong><\/span><\/h1>\n<hr style=\"height: 1px; background: #0d9bd4;\" \/>\n<p><strong>Context:<\/strong> Organisations have certain key administrative activities that must be carried out annually.<\/p>\n<p><strong>Resource Toolkit:<\/strong> The resources provided in the table below may be used to help identify and plan for those recurring activities.<\/p>\n<p><strong>Note: <\/strong> The items below are suggested resources and their use is not mandatory. Organisations are free to continue to use their own, existing resources or to amend the resources below as they see fit.<\/p>\n<p>If your organisation is partnered with a Shared Services Centre for HR, Pensions or Payroll purposes, you may need to clarify with them what elements of work, (if any), that they have been resourced to undertake on your behalf.<\/p>\n<p><strong>Training Resources: <\/strong>Administrators can access a soft-copy of the &#8220;Leaving Employment and Annual Administration Activities&#8221; training booklet provided at workshops delivered as part of the Single Scheme Project Team programme of training for Relevant Authorities. Please click <a href=\"https:\/\/singlepensionscheme.gov.ie\/for-employers\/administrator-tools\/training-resources\/\">here<\/a> to access this page.<\/p>\n<p><a id=\"annualtoolkit\"><\/a>\n<table id=\"tablepress-34-no-2\" class=\"tablepress tablepress-id-34\">\n<thead>\n<tr class=\"row-1 odd\">\n\t<th class=\"column-1\">Descriptor<\/th><th class=\"column-2\">Type <\/th><th class=\"column-3\">Link<\/th>\n<\/tr>\n<\/thead>\n<tbody class=\"row-hover\">\n<tr class=\"row-2 even\">\n\t<td class=\"column-1\"><a href=\"http:\/\/singlepensionscheme.gov.ie\/wp-content\/uploads\/2025\/05\/Annual-Admin-Activities-Guidance-Note2024.docx\" target=\"_blank\" rel=\"noopener\">1.Annual Administration Activities Guidance Note<\/a><\/td><td class=\"column-2\"><a href=\"http:\/\/singlepensionscheme.gov.ie\/wp-content\/uploads\/2025\/05\/Annual-Admin-Activities-Guidance-Note2024.docx\" target=\"_blank\" rel=\"noopener\">Guidance Note<\/a><\/td><td class=\"column-3\"><a href=\"http:\/\/singlepensionscheme.gov.ie\/wp-content\/uploads\/2025\/05\/Annual-Admin-Activities-Guidance-Note2024.docx\"target=\"_blank\"><img src=\"https:\/\/singlepensionscheme.gov.ie\/wp-content\/uploads\/2017\/01\/WORD.png\" alt=\"Microsoft Word Document icon\" width=\"20\" height=\"20\" class=\"alignnone size-full wp-image-206\" \/><\/a><\/td>\n<\/tr>\n<tr class=\"row-3 odd\">\n\t<td class=\"column-1\"><a href=\"https:\/\/singlepensionscheme.gov.ie\/circulars\/\" target=\"_blank\" rel=\"noopener\">2.Circulars and Legislation<\/a><\/td><td class=\"column-2\"><a href=\"https:\/\/singlepensionscheme.gov.ie\/circulars\/\" target=\"_blank\" rel=\"noopener\">Website Page<\/a><\/td><td class=\"column-3\"><a href=\"https:\/\/singlepensionscheme.gov.ie\/circulars\/\" target=\"_blank\" rel=\"noopener\"><img src=\"https:\/\/singlepensionscheme.gov.ie\/wp-content\/uploads\/2017\/01\/link.png\" alt=\"Link icon\" width=\"20\" height=\"20\" class=\"alignnone size-full wp-image-203\" \/><\/a><\/td>\n<\/tr>\n<tr class=\"row-4 even\">\n\t<td class=\"column-1\"><a href=\"http:\/\/singlepensionscheme.gov.ie\/wp-content\/uploads\/2026\/02\/ABS.2025.docx\" target=\"_blank\" rel=\"noopener\">3.Annual Benefit Statement Template <\/a><\/td><td class=\"column-2\"><a href=\"http:\/\/singlepensionscheme.gov.ie\/wp-content\/uploads\/2026\/02\/ABS.2025.docx\" target=\"_blank\" rel=\"noopener\">Template Statement<\/a><\/td><td class=\"column-3\"><a href=\"http:\/\/singlepensionscheme.gov.ie\/wp-content\/uploads\/2026\/02\/ABS.2025.docx\"target=\"_blank\"><img src=\"https:\/\/singlepensionscheme.gov.ie\/wp-content\/uploads\/2017\/01\/WORD.png\" alt=\"Microsoft Word Document icon\" width=\"20\" height=\"20\" class=\"alignnone size-full wp-image-206\" \/><\/a><\/td>\n<\/tr>\n<tr class=\"row-5 odd\">\n\t<td class=\"column-1\"><a href=\"https:\/\/singlepensionscheme.gov.ie\/for-employers\/administrator-tools\/referable-amounts-calculation-template\/pensioners-cpi\/\" target=\"_blank\" rel=\"noopener\">4.Pensioners' CPI<\/a><\/td><td class=\"column-2\"><a href=\"https:\/\/singlepensionscheme.gov.ie\/for-employers\/administrator-tools\/referable-amounts-calculation-template\/pensioners-cpi\/\" target=\"_blank\" rel=\"noopener\">Calculation Tool<\/a><\/td><td class=\"column-3\"><a href=\"https:\/\/singlepensionscheme.gov.ie\/for-employers\/administrator-tools\/referable-amounts-calculation-template\/pensioners-cpi\/\" target=\"_blank\" rel=\"noopener\"><img src=\"https:\/\/singlepensionscheme.gov.ie\/wp-content\/uploads\/2017\/01\/EXCEL.png\" alt=\"Microsoft Excel document icon\" width=\"20\" height=\"20\" class=\"alignnone size-full wp-image-202\" \/><\/a><\/td>\n<\/tr>\n<tr class=\"row-6 even\">\n\t<td class=\"column-1\"><a href=\"https:\/\/singlepensionscheme.gov.ie\/for-employers\/administrator-tools\/referable-amounts-calculation-template\/referable-amounts\/\" target=\"_blank\" rel=\"noopener\">5.Contributions and Referable Amounts Calculation Tool<\/a><\/td><td class=\"column-2\"><a href=\"https:\/\/singlepensionscheme.gov.ie\/for-employers\/administrator-tools\/referable-amounts-calculation-template\/referable-amounts\/\" target=\"_blank\" rel=\"noopener\">Calculation Tool<\/a><\/td><td class=\"column-3\"><a href=\"https:\/\/singlepensionscheme.gov.ie\/for-employers\/administrator-tools\/referable-amounts-calculation-template\/referable-amounts\/\" target=\"_blank\" rel=\"noopener\"><img src=\"http:\/\/singlepensionscheme.gov.ie\/wp-content\/uploads\/2025\/02\/SS.png\" alt=\"Microsoft Excel document icon\" width=\"20\" height=\"20\" class=\"alignnone size-full wp-image-202\" \/><\/a><\/td>\n<\/tr>\n<\/tbody>\n<\/table>\n<\/p>","protected":false},"excerpt":{"rendered":"<p>Annual Administration Activities Context: Organisations have certain key administrative activities that must be carried out annually. Resource Toolkit: The resources &#8230;<\/p>\n","protected":false},"author":16,"featured_media":0,"parent":385,"menu_order":50,"comment_status":"closed","ping_status":"closed","template":"content-template.php","meta":[],"categories":[10],"tags":[20,21,19],"acf":[],"_links":{"self":[{"href":"https:\/\/singlepensionscheme.gov.ie\/ga\/wp-json\/wp\/v2\/pages\/2166"}],"collection":[{"href":"https:\/\/singlepensionscheme.gov.ie\/ga\/wp-json\/wp\/v2\/pages"}],"about":[{"href":"https:\/\/singlepensionscheme.gov.ie\/ga\/wp-json\/wp\/v2\/types\/page"}],"author":[{"embeddable":true,"href":"https:\/\/singlepensionscheme.gov.ie\/ga\/wp-json\/wp\/v2\/users\/16"}],"replies":[{"embeddable":true,"href":"https:\/\/singlepensionscheme.gov.ie\/ga\/wp-json\/wp\/v2\/comments?post=2166"}],"version-history":[{"count":25,"href":"https:\/\/singlepensionscheme.gov.ie\/ga\/wp-json\/wp\/v2\/pages\/2166\/revisions"}],"predecessor-version":[{"id":6355,"href":"https:\/\/singlepensionscheme.gov.ie\/ga\/wp-json\/wp\/v2\/pages\/2166\/revisions\/6355"}],"up":[{"embeddable":true,"href":"https:\/\/singlepensionscheme.gov.ie\/ga\/wp-json\/wp\/v2\/pages\/385"}],"wp:attachment":[{"href":"https:\/\/singlepensionscheme.gov.ie\/ga\/wp-json\/wp\/v2\/media?parent=2166"}],"wp:term":[{"taxonomy":"category","embeddable":true,"href":"https:\/\/singlepensionscheme.gov.ie\/ga\/wp-json\/wp\/v2\/categories?post=2166"},{"taxonomy":"post_tag","embeddable":true,"href":"https:\/\/singlepensionscheme.gov.ie\/ga\/wp-json\/wp\/v2\/tags?post=2166"}],"curies":[{"name":"wp","href":"https:\/\/api.w.org\/{rel}","templated":true}]}}