{"id":349,"date":"2017-03-16T18:01:53","date_gmt":"2017-03-16T18:01:53","guid":{"rendered":"http:\/\/singlepensionscheme.gov.ie\/?page_id=349"},"modified":"2018-01-29T16:59:41","modified_gmt":"2018-01-29T16:59:41","slug":"scheme-information","status":"publish","type":"page","link":"https:\/\/singlepensionscheme.gov.ie\/ga\/for-members\/scheme-information\/","title":{"rendered":"Faisn\u00e9is faoin Sc\u00e9im"},"content":{"rendered":"<p><\/p>\n<p style=\"text-align: center;\"><span style=\"font-size: 28px;\">Is f\u00e9idir le Comhalta\u00ed rochtain a fh\u00e1il th\u00edos ar fhaisn\u00e9is faoin Sc\u00e9im. <strong>Mura dtugtar freagra san \u00e1bhar ar an su\u00edomh Gr\u00e9as\u00e1in seo ar an gceist ar leith at\u00e1 agat, n\u00ed m\u00f3r duit dul i dteagmh\u00e1il le do Rann\u00f3g Acmhainn\u00ed Daonna\/Pinsean \u00c1iti\u00fail go d\u00edreach.<\/strong><\/span><\/p>\n<p><\/p>","protected":false},"excerpt":{"rendered":"<p>Is f\u00e9idir le Comhalta\u00ed rochtain a fh\u00e1il th\u00edos ar fhaisn\u00e9is faoin Sc\u00e9im. Mura dtugtar freagra san \u00e1bhar ar an su\u00edomh &#8230;<\/p>\n","protected":false},"author":16,"featured_media":0,"parent":80,"menu_order":1,"comment_status":"closed","ping_status":"closed","template":"nav.php","meta":[],"categories":[9],"tags":[20,21,19],"acf":[],"_links":{"self":[{"href":"https:\/\/singlepensionscheme.gov.ie\/ga\/wp-json\/wp\/v2\/pages\/349"}],"collection":[{"href":"https:\/\/singlepensionscheme.gov.ie\/ga\/wp-json\/wp\/v2\/pages"}],"about":[{"href":"https:\/\/singlepensionscheme.gov.ie\/ga\/wp-json\/wp\/v2\/types\/page"}],"author":[{"embeddable":true,"href":"https:\/\/singlepensionscheme.gov.ie\/ga\/wp-json\/wp\/v2\/users\/16"}],"replies":[{"embeddable":true,"href":"https:\/\/singlepensionscheme.gov.ie\/ga\/wp-json\/wp\/v2\/comments?post=349"}],"version-history":[{"count":9,"href":"https:\/\/singlepensionscheme.gov.ie\/ga\/wp-json\/wp\/v2\/pages\/349\/revisions"}],"predecessor-version":[{"id":783,"href":"https:\/\/singlepensionscheme.gov.ie\/ga\/wp-json\/wp\/v2\/pages\/349\/revisions\/783"}],"up":[{"embeddable":true,"href":"https:\/\/singlepensionscheme.gov.ie\/ga\/wp-json\/wp\/v2\/pages\/80"}],"wp:attachment":[{"href":"https:\/\/singlepensionscheme.gov.ie\/ga\/wp-json\/wp\/v2\/media?parent=349"}],"wp:term":[{"taxonomy":"category","embeddable":true,"href":"https:\/\/singlepensionscheme.gov.ie\/ga\/wp-json\/wp\/v2\/categories?post=349"},{"taxonomy":"post_tag","embeddable":true,"href":"https:\/\/singlepensionscheme.gov.ie\/ga\/wp-json\/wp\/v2\/tags?post=349"}],"curies":[{"name":"wp","href":"https:\/\/api.w.org\/{rel}","templated":true}]}}