{"id":3543,"date":"2017-12-05T17:31:30","date_gmt":"2017-12-05T17:31:30","guid":{"rendered":"http:\/\/singlepensionscheme.gov.ie\/?page_id=3543"},"modified":"2018-02-15T11:49:26","modified_gmt":"2018-02-15T11:49:26","slug":"scheme-overview","status":"publish","type":"page","link":"https:\/\/singlepensionscheme.gov.ie\/ga\/for-members\/scheme-information\/ataglance\/scheme-overview\/","title":{"rendered":"Achoimhre ar an Sc\u00e9im Aonair"},"content":{"rendered":"<p><\/p>\n<h1 style=\"text-align: left;\"><span style=\"font-size: 28px;\"><strong><span style=\"color: #0d9bd4;\">Achoimhre ar an Sc\u00e9im Aonair- Spl\u00e9ach-Threoir<\/span><\/strong><\/span><\/h1>\n<hr style=\"height: 1px; background: #0d9bd4;\" \/>\n<table style=\"height: 77px; width: 737px;\">\n<tbody>\n<tr>\n<td style=\"width: 137px;\"><strong>Aidhm<\/strong><\/td>\n<td style=\"width: 584px;\">Achoimre ar an Sc\u00e9im Aonair agus na sochair a d\u2019fh\u00e9adfa\u00ed a bheith in\u00edoctha le baill na Sc\u00e9ime<\/td>\n<\/tr>\n<tr>\n<td style=\"width: 137px;\"><strong>Ainm<\/strong><\/td>\n<td style=\"width: 584px;\">Achoimhre ar Sc\u00e9im Aonair ST<\/td>\n<\/tr>\n<tr>\n<td style=\"width: 137px;\"><b>D\u00e1ta Foilsithe<\/b><\/td>\n<td style=\"width: 584px;\">15 Feabhra 2018<\/td>\n<\/tr>\n<\/tbody>\n<\/table>\n<p>&nbsp;<\/p>\n<p><a href=\"https:\/\/singlepensionscheme.gov.ie\/wp-content\/uploads\/2018\/02\/Achoimre-ar-an-Sce\u0301im-Aonair.pdf\" target=\"_blank\" rel=\"noopener\"><img decoding=\"async\" loading=\"lazy\" class=\"alignnone wp-image-205 size-full\" src=\"https:\/\/singlepensionscheme.gov.ie\/wp-content\/uploads\/2017\/01\/PDF.png\" alt=\"PDF icon\" width=\"50\" height=\"50\" \/><\/a>(PDF , 122KB)<\/p>","protected":false},"excerpt":{"rendered":"<p>Achoimhre ar an Sc\u00e9im Aonair- Spl\u00e9ach-Threoir Aidhm Achoimre ar an Sc\u00e9im Aonair agus na sochair a d\u2019fh\u00e9adfa\u00ed a bheith in\u00edoctha &#8230;<\/p>\n","protected":false},"author":16,"featured_media":0,"parent":3600,"menu_order":10,"comment_status":"closed","ping_status":"closed","template":"content-template.php","meta":[],"categories":[9],"tags":[20,21,19],"acf":[],"_links":{"self":[{"href":"https:\/\/singlepensionscheme.gov.ie\/ga\/wp-json\/wp\/v2\/pages\/3543"}],"collection":[{"href":"https:\/\/singlepensionscheme.gov.ie\/ga\/wp-json\/wp\/v2\/pages"}],"about":[{"href":"https:\/\/singlepensionscheme.gov.ie\/ga\/wp-json\/wp\/v2\/types\/page"}],"author":[{"embeddable":true,"href":"https:\/\/singlepensionscheme.gov.ie\/ga\/wp-json\/wp\/v2\/users\/16"}],"replies":[{"embeddable":true,"href":"https:\/\/singlepensionscheme.gov.ie\/ga\/wp-json\/wp\/v2\/comments?post=3543"}],"version-history":[{"count":45,"href":"https:\/\/singlepensionscheme.gov.ie\/ga\/wp-json\/wp\/v2\/pages\/3543\/revisions"}],"predecessor-version":[{"id":4049,"href":"https:\/\/singlepensionscheme.gov.ie\/ga\/wp-json\/wp\/v2\/pages\/3543\/revisions\/4049"}],"up":[{"embeddable":true,"href":"https:\/\/singlepensionscheme.gov.ie\/ga\/wp-json\/wp\/v2\/pages\/3600"}],"wp:attachment":[{"href":"https:\/\/singlepensionscheme.gov.ie\/ga\/wp-json\/wp\/v2\/media?parent=3543"}],"wp:term":[{"taxonomy":"category","embeddable":true,"href":"https:\/\/singlepensionscheme.gov.ie\/ga\/wp-json\/wp\/v2\/categories?post=3543"},{"taxonomy":"post_tag","embeddable":true,"href":"https:\/\/singlepensionscheme.gov.ie\/ga\/wp-json\/wp\/v2\/tags?post=3543"}],"curies":[{"name":"wp","href":"https:\/\/api.w.org\/{rel}","templated":true}]}}