{"id":356,"date":"2017-03-16T18:12:46","date_gmt":"2017-03-16T18:12:46","guid":{"rendered":"http:\/\/singlepensionscheme.gov.ie\/?page_id=356"},"modified":"2025-06-04T15:56:31","modified_gmt":"2025-06-04T14:56:31","slug":"other-scheme-related-queries","status":"publish","type":"page","link":"https:\/\/singlepensionscheme.gov.ie\/ga\/for-members\/other-scheme-related-queries\/","title":{"rendered":"Ceisteanna Eile"},"content":{"rendered":"<p><\/p>\n<p style=\"text-align: left;\"><span style=\"font-size: 20px;\"><strong>Mura dtugtar freagra san \u00e1bhar ar an su\u00edomh Gr\u00e9as\u00e1in seo ar an gceist ar leith at\u00e1 agat, n\u00ed m\u00f3r duit dul i <\/strong><\/span><\/p>\n<p style=\"text-align: left;\"><span style=\"font-size: 20px;\"><strong>dteagmh\u00e1il le do Rann\u00f3g\u00a0<\/strong><\/span><strong style=\"font-size: 20px; line-height: 1.5;\">Acmhainn\u00ed Daonna\/Pinsean \u00c1iti\u00fail* go d\u00edreach<\/strong><span style=\"font-size: 20px; line-height: 1.5;\">.<\/span><\/p>\n<p>&nbsp;<\/p>\n<p><span style=\"font-size: 20px;\"><strong>*<\/strong><em>Tabhair faoi deara gur cheart do chomhalta\u00ed at\u00e1 \u00e1 bhfost\u00fa ag eagra\u00edochta\u00ed a d\u2019aistrigh\u00a0<\/em><\/span><em style=\"line-height: 1.5;\"><span style=\"font-size: 20px;\">chuig Ionad Seirbh\u00eds\u00ed <\/span><\/em><\/p>\n<p><em style=\"line-height: 1.5;\"><span style=\"font-size: 20px;\">Comhroinnte\u00a0<\/span><\/em><em style=\"line-height: 1.5;\"><span style=\"font-size: 20px;\">Acmhainn\u00ed Daonna\/Pinsean\/P\u00e1rolla (e.g. PeoplePoint, MyPay, Ionad P\u00e1rolla na Roinne Oideachais <\/span><\/em><\/p>\n<p><em style=\"line-height: 1.5;\"><span style=\"font-size: 20px;\">agus Scileanna, Baile \u00c1tha\u00a0<\/span><\/em><em style=\"line-height: 1.5;\"><span style=\"font-size: 20px;\">Luain)\u00a0<\/span><\/em><em><span style=\"font-size: 20px;\">dul i dteagmh\u00e1il leis an Ionad Seirbh\u00eds\u00ed Comhroinnte sin go d\u00edreach, ar aon dul <\/span><\/em><\/p>\n<p><em><span style=\"font-size: 20px;\">leis na pr\u00f3tacail \u00e1iti\u00fala at\u00e1 i bhfeidhm <\/span><\/em><em><span style=\"font-size: 20px;\">cheana.<\/span><\/em><\/p>","protected":false},"excerpt":{"rendered":"<p>Mura dtugtar freagra san \u00e1bhar ar an su\u00edomh Gr\u00e9as\u00e1in seo ar an gceist ar leith at\u00e1 agat, n\u00ed m\u00f3r duit &#8230;<\/p>\n","protected":false},"author":16,"featured_media":0,"parent":80,"menu_order":40,"comment_status":"closed","ping_status":"closed","template":"nav.php","meta":[],"categories":[9],"tags":[20,21,19],"acf":[],"_links":{"self":[{"href":"https:\/\/singlepensionscheme.gov.ie\/ga\/wp-json\/wp\/v2\/pages\/356"}],"collection":[{"href":"https:\/\/singlepensionscheme.gov.ie\/ga\/wp-json\/wp\/v2\/pages"}],"about":[{"href":"https:\/\/singlepensionscheme.gov.ie\/ga\/wp-json\/wp\/v2\/types\/page"}],"author":[{"embeddable":true,"href":"https:\/\/singlepensionscheme.gov.ie\/ga\/wp-json\/wp\/v2\/users\/16"}],"replies":[{"embeddable":true,"href":"https:\/\/singlepensionscheme.gov.ie\/ga\/wp-json\/wp\/v2\/comments?post=356"}],"version-history":[{"count":30,"href":"https:\/\/singlepensionscheme.gov.ie\/ga\/wp-json\/wp\/v2\/pages\/356\/revisions"}],"predecessor-version":[{"id":7879,"href":"https:\/\/singlepensionscheme.gov.ie\/ga\/wp-json\/wp\/v2\/pages\/356\/revisions\/7879"}],"up":[{"embeddable":true,"href":"https:\/\/singlepensionscheme.gov.ie\/ga\/wp-json\/wp\/v2\/pages\/80"}],"wp:attachment":[{"href":"https:\/\/singlepensionscheme.gov.ie\/ga\/wp-json\/wp\/v2\/media?parent=356"}],"wp:term":[{"taxonomy":"category","embeddable":true,"href":"https:\/\/singlepensionscheme.gov.ie\/ga\/wp-json\/wp\/v2\/categories?post=356"},{"taxonomy":"post_tag","embeddable":true,"href":"https:\/\/singlepensionscheme.gov.ie\/ga\/wp-json\/wp\/v2\/tags?post=356"}],"curies":[{"name":"wp","href":"https:\/\/api.w.org\/{rel}","templated":true}]}}