{"id":3578,"date":"2017-12-05T17:33:56","date_gmt":"2017-12-05T17:33:56","guid":{"rendered":"http:\/\/singlepensionscheme.gov.ie\/?page_id=3578"},"modified":"2018-02-15T11:56:01","modified_gmt":"2018-02-15T11:56:01","slug":"leaving-employment","status":"publish","type":"page","link":"https:\/\/singlepensionscheme.gov.ie\/ga\/for-members\/scheme-information\/ataglance\/leaving-employment\/","title":{"rendered":"Fosta\u00edocht a Fh\u00e1g\u00e1il"},"content":{"rendered":"<p><\/p>\n<h1 style=\"text-align: left;\"><span style=\"font-size: 28px;\"><strong><span style=\"color: #0d9bd4;\">Fosta\u00edocht a fh\u00e1g\u00e1il &#8211; Spl\u00e9ach-Threoir<\/span><\/strong><\/span><\/h1>\n<hr style=\"height: 1px; background: #0d9bd4;\" \/>\n<table style=\"height: 77px; width: 737px;\">\n<tbody>\n<tr>\n<td style=\"width: 137px;\"><strong>Aidhm<\/strong><\/td>\n<td style=\"width: 584px;\">Achoimre ar theidl\u00edochta\u00ed a bheidh ag baill na Sc\u00e9ime Aonair nuair a chr\u00edochna\u00edonn siad le fosta\u00edocht sa tseirbh\u00eds phoibl\u00ed<\/td>\n<\/tr>\n<tr>\n<td style=\"width: 137px;\"><strong>Ainm<\/strong><\/td>\n<td style=\"width: 584px;\">Fosta\u00edocht a Fh\u00e1g\u00e1il ST<\/td>\n<\/tr>\n<tr>\n<td style=\"width: 137px;\"><b>D\u00e1ta Foilsithe<\/b><\/td>\n<td style=\"width: 584px;\">15 Feabhra 2018<\/td>\n<\/tr>\n<\/tbody>\n<\/table>\n<p>&nbsp;<\/p>\n<p><a href=\"https:\/\/singlepensionscheme.gov.ie\/wp-content\/uploads\/2018\/02\/Achoimre-ar-Shochair-ar-Fha\u0301ga\u0301il-Seirbhi\u0301se-Duit.pdf\" target=\"_blank\" rel=\"noopener\"><img decoding=\"async\" loading=\"lazy\" class=\"alignnone wp-image-205 size-full\" src=\"https:\/\/singlepensionscheme.gov.ie\/wp-content\/uploads\/2017\/01\/PDF.png\" alt=\"PDF icon\" width=\"50\" height=\"50\" \/><\/a>(PDF , 121KB)<\/p>","protected":false},"excerpt":{"rendered":"<p>Fosta\u00edocht a fh\u00e1g\u00e1il &#8211; Spl\u00e9ach-Threoir Aidhm Achoimre ar theidl\u00edochta\u00ed a bheidh ag baill na Sc\u00e9ime Aonair nuair a chr\u00edochna\u00edonn siad &#8230;<\/p>\n","protected":false},"author":16,"featured_media":0,"parent":3600,"menu_order":30,"comment_status":"closed","ping_status":"closed","template":"content-template.php","meta":[],"categories":[9],"tags":[20,21,19],"acf":[],"_links":{"self":[{"href":"https:\/\/singlepensionscheme.gov.ie\/ga\/wp-json\/wp\/v2\/pages\/3578"}],"collection":[{"href":"https:\/\/singlepensionscheme.gov.ie\/ga\/wp-json\/wp\/v2\/pages"}],"about":[{"href":"https:\/\/singlepensionscheme.gov.ie\/ga\/wp-json\/wp\/v2\/types\/page"}],"author":[{"embeddable":true,"href":"https:\/\/singlepensionscheme.gov.ie\/ga\/wp-json\/wp\/v2\/users\/16"}],"replies":[{"embeddable":true,"href":"https:\/\/singlepensionscheme.gov.ie\/ga\/wp-json\/wp\/v2\/comments?post=3578"}],"version-history":[{"count":21,"href":"https:\/\/singlepensionscheme.gov.ie\/ga\/wp-json\/wp\/v2\/pages\/3578\/revisions"}],"predecessor-version":[{"id":4054,"href":"https:\/\/singlepensionscheme.gov.ie\/ga\/wp-json\/wp\/v2\/pages\/3578\/revisions\/4054"}],"up":[{"embeddable":true,"href":"https:\/\/singlepensionscheme.gov.ie\/ga\/wp-json\/wp\/v2\/pages\/3600"}],"wp:attachment":[{"href":"https:\/\/singlepensionscheme.gov.ie\/ga\/wp-json\/wp\/v2\/media?parent=3578"}],"wp:term":[{"taxonomy":"category","embeddable":true,"href":"https:\/\/singlepensionscheme.gov.ie\/ga\/wp-json\/wp\/v2\/categories?post=3578"},{"taxonomy":"post_tag","embeddable":true,"href":"https:\/\/singlepensionscheme.gov.ie\/ga\/wp-json\/wp\/v2\/tags?post=3578"}],"curies":[{"name":"wp","href":"https:\/\/api.w.org\/{rel}","templated":true}]}}