{"id":3582,"date":"2017-12-05T17:34:38","date_gmt":"2017-12-05T17:34:38","guid":{"rendered":"http:\/\/singlepensionscheme.gov.ie\/?page_id=3582"},"modified":"2021-01-05T16:50:18","modified_gmt":"2021-01-05T16:50:18","slug":"normal-retirement","status":"publish","type":"page","link":"https:\/\/singlepensionscheme.gov.ie\/ga\/for-members\/scheme-information\/ataglance\/normal-retirement\/","title":{"rendered":"Gn\u00e1thsc\u00f3r"},"content":{"rendered":"<p><\/p>\n<h1 style=\"text-align: left;\"><span style=\"font-size: 28px;\"><strong><span style=\"color: #0d9bd4;\">Achoimhre ar Ghn\u00e1thsc\u00f3r &#8211; Spl\u00e9ach-Threoir (Comhalta\u00ed Caighde\u00e1nacha)<\/span><\/strong><\/span><\/h1>\n<hr style=\"height: 1px; background: #0d9bd4;\" \/>\n<table style=\"height: 77px; width: 737px;\">\n<tbody>\n<tr>\n<td style=\"width: 137px;\"><strong>Aidhm<\/strong><\/td>\n<td style=\"width: 584px;\">Achoimre ar an d\u00f3igh ar f\u00e9idir le ball na Sc\u00e9ime Aonair a bheith i dteideal sochar nuair a bhaineann siad Gn\u00e1thaois Scoir amach agus an d\u00f3igh a nd\u00e9antar a gcuid sochar a \u00e1ireamh<\/td>\n<\/tr>\n<tr>\n<td style=\"width: 137px;\"><strong>Ainm<\/strong><\/td>\n<td style=\"width: 584px;\">Gn\u00e1thsc\u00f3r &#8211; ST<\/td>\n<\/tr>\n<tr>\n<td style=\"width: 137px;\"><b>D\u00e1ta Foilsithe<\/b><\/td>\n<td style=\"width: 584px;\">5 Ean\u00e1ir 2021<\/td>\n<\/tr>\n<\/tbody>\n<\/table>\n<p>&nbsp;<\/p>\n<p><a href=\"http:\/\/singlepensionscheme.gov.ie\/wp-content\/uploads\/2021\/01\/Achoimre-ar-Ghna\u0301thsco\u0301r.pdf\" target=\"_blank\" rel=\"noopener noreferrer\"><img decoding=\"async\" loading=\"lazy\" class=\"alignnone wp-image-205 size-full\" src=\"http:\/\/singlepensionscheme.gov.ie\/wp-content\/uploads\/2017\/01\/PDF.png\" alt=\"PDF icon\" width=\"50\" height=\"50\" \/><\/a>(PDF , 244KB)<\/p>","protected":false},"excerpt":{"rendered":"<p>Achoimhre ar Ghn\u00e1thsc\u00f3r &#8211; Spl\u00e9ach-Threoir (Comhalta\u00ed Caighde\u00e1nacha) Aidhm Achoimre ar an d\u00f3igh ar f\u00e9idir le ball na Sc\u00e9ime Aonair a &#8230;<\/p>\n","protected":false},"author":16,"featured_media":0,"parent":3600,"menu_order":40,"comment_status":"closed","ping_status":"closed","template":"content-template.php","meta":[],"categories":[9],"tags":[20,21,19],"acf":[],"_links":{"self":[{"href":"https:\/\/singlepensionscheme.gov.ie\/ga\/wp-json\/wp\/v2\/pages\/3582"}],"collection":[{"href":"https:\/\/singlepensionscheme.gov.ie\/ga\/wp-json\/wp\/v2\/pages"}],"about":[{"href":"https:\/\/singlepensionscheme.gov.ie\/ga\/wp-json\/wp\/v2\/types\/page"}],"author":[{"embeddable":true,"href":"https:\/\/singlepensionscheme.gov.ie\/ga\/wp-json\/wp\/v2\/users\/16"}],"replies":[{"embeddable":true,"href":"https:\/\/singlepensionscheme.gov.ie\/ga\/wp-json\/wp\/v2\/comments?post=3582"}],"version-history":[{"count":16,"href":"https:\/\/singlepensionscheme.gov.ie\/ga\/wp-json\/wp\/v2\/pages\/3582\/revisions"}],"predecessor-version":[{"id":6626,"href":"https:\/\/singlepensionscheme.gov.ie\/ga\/wp-json\/wp\/v2\/pages\/3582\/revisions\/6626"}],"up":[{"embeddable":true,"href":"https:\/\/singlepensionscheme.gov.ie\/ga\/wp-json\/wp\/v2\/pages\/3600"}],"wp:attachment":[{"href":"https:\/\/singlepensionscheme.gov.ie\/ga\/wp-json\/wp\/v2\/media?parent=3582"}],"wp:term":[{"taxonomy":"category","embeddable":true,"href":"https:\/\/singlepensionscheme.gov.ie\/ga\/wp-json\/wp\/v2\/categories?post=3582"},{"taxonomy":"post_tag","embeddable":true,"href":"https:\/\/singlepensionscheme.gov.ie\/ga\/wp-json\/wp\/v2\/tags?post=3582"}],"curies":[{"name":"wp","href":"https:\/\/api.w.org\/{rel}","templated":true}]}}