{"id":3589,"date":"2017-12-05T17:35:41","date_gmt":"2017-12-05T17:35:41","guid":{"rendered":"http:\/\/singlepensionscheme.gov.ie\/?page_id=3589"},"modified":"2018-02-15T13:54:43","modified_gmt":"2018-02-15T13:54:43","slug":"death-in-service","status":"publish","type":"page","link":"https:\/\/singlepensionscheme.gov.ie\/ga\/for-members\/scheme-information\/ataglance\/death-in-service\/","title":{"rendered":"B\u00e1s i Seirbh\u00eds"},"content":{"rendered":"<p><\/p>\n<h1 style=\"text-align: left;\"><span style=\"font-size: 28px;\"><strong><span style=\"color: #0d9bd4;\">B\u00e1s i Seirbh\u00eds  &#8211; Spl\u00e9ach-Threoir<\/span><\/strong><\/span><\/h1>\n<hr style=\"height: 1px; background: #0d9bd4;\" \/>\n<table style=\"height: 77px; width: 737px;\">\n<tbody>\n<tr>\n<td style=\"width: 137px;\"><strong>Aidhm<\/strong><\/td>\n<td style=\"width: 584px;\">Achoimre ar na sochair bh\u00e1is a d\u2019fh\u00e9adfadh a bheith in\u00edoctha faoin Sc\u00e9im Aonair m\u00e1 fhaigheann ball b\u00e1s i seirbh\u00eds<\/td>\n<\/tr>\n<tr>\n<td style=\"width: 137px;\"><strong>Ainm<\/strong><\/td>\n<td style=\"width: 584px;\">B\u00e1s I Seirbh\u00eds &#8211; ST<\/td>\n<\/tr>\n<tr>\n<td style=\"width: 137px;\"><b>D\u00e1ta Foilsithe<\/b><\/td>\n<td style=\"width: 584px;\">15 Feabhra 2018<\/td>\n<\/tr>\n<\/tbody>\n<\/table>\n<p>&nbsp;<\/p>\n<p><a href=\"https:\/\/singlepensionscheme.gov.ie\/wp-content\/uploads\/2018\/02\/Sochair-Bha\u0301is-i-Seirbhi\u0301s.pdf\"target=\"_blank\"><img decoding=\"async\" loading=\"lazy\" class=\"alignnone wp-image-205 size-full\" src=\"https:\/\/singlepensionscheme.gov.ie\/wp-content\/uploads\/2017\/01\/PDF.png\" alt=\"PDF icon\" width=\"50\" height=\"50\" \/><\/a>(PDF , 126KB)<\/p>","protected":false},"excerpt":{"rendered":"<p>B\u00e1s i Seirbh\u00eds &#8211; Spl\u00e9ach-Threoir Aidhm Achoimre ar na sochair bh\u00e1is a d\u2019fh\u00e9adfadh a bheith in\u00edoctha faoin Sc\u00e9im Aonair m\u00e1 &#8230;<\/p>\n","protected":false},"author":16,"featured_media":0,"parent":3600,"menu_order":60,"comment_status":"closed","ping_status":"closed","template":"content-template.php","meta":[],"categories":[9],"tags":[20,21,19],"acf":[],"_links":{"self":[{"href":"https:\/\/singlepensionscheme.gov.ie\/ga\/wp-json\/wp\/v2\/pages\/3589"}],"collection":[{"href":"https:\/\/singlepensionscheme.gov.ie\/ga\/wp-json\/wp\/v2\/pages"}],"about":[{"href":"https:\/\/singlepensionscheme.gov.ie\/ga\/wp-json\/wp\/v2\/types\/page"}],"author":[{"embeddable":true,"href":"https:\/\/singlepensionscheme.gov.ie\/ga\/wp-json\/wp\/v2\/users\/16"}],"replies":[{"embeddable":true,"href":"https:\/\/singlepensionscheme.gov.ie\/ga\/wp-json\/wp\/v2\/comments?post=3589"}],"version-history":[{"count":20,"href":"https:\/\/singlepensionscheme.gov.ie\/ga\/wp-json\/wp\/v2\/pages\/3589\/revisions"}],"predecessor-version":[{"id":4061,"href":"https:\/\/singlepensionscheme.gov.ie\/ga\/wp-json\/wp\/v2\/pages\/3589\/revisions\/4061"}],"up":[{"embeddable":true,"href":"https:\/\/singlepensionscheme.gov.ie\/ga\/wp-json\/wp\/v2\/pages\/3600"}],"wp:attachment":[{"href":"https:\/\/singlepensionscheme.gov.ie\/ga\/wp-json\/wp\/v2\/media?parent=3589"}],"wp:term":[{"taxonomy":"category","embeddable":true,"href":"https:\/\/singlepensionscheme.gov.ie\/ga\/wp-json\/wp\/v2\/categories?post=3589"},{"taxonomy":"post_tag","embeddable":true,"href":"https:\/\/singlepensionscheme.gov.ie\/ga\/wp-json\/wp\/v2\/tags?post=3589"}],"curies":[{"name":"wp","href":"https:\/\/api.w.org\/{rel}","templated":true}]}}