{"id":359,"date":"2017-03-16T18:15:06","date_gmt":"2017-03-16T18:15:06","guid":{"rendered":"http:\/\/singlepensionscheme.gov.ie\/?page_id=359"},"modified":"2025-10-14T14:55:02","modified_gmt":"2025-10-14T13:55:02","slug":"useful-links","status":"publish","type":"page","link":"https:\/\/singlepensionscheme.gov.ie\/ga\/for-members\/useful-links\/","title":{"rendered":"Naisc \u00das\u00e1ideacha"},"content":{"rendered":"<p><\/p>\n<h1 style=\"text-align: left;\"><span style=\"font-size: 28px; color: #0d9bd4;\"><strong>Naisc \u00das\u00e1ideacha<\/strong><\/span><\/h1>\n<hr style=\"height: 1px; background: #0d9bd4;\" \/>\n<p><strong>\u00a0<\/strong><\/p>\n<p><span style=\"font-size: 20px;\">An Roinn Coimirce S\u00f3isiala\u00ed<strong><br \/>\n<\/strong><a href=\"https:\/\/www.gov.ie\/ga\/eagraiocht\/an-roinn-coimirce-soisialai\/\" target=\"_blank\" rel=\"noopener noreferrer\">http:\/\/www.welfare.ie\/ga\/Pages\/home.aspx<\/a><\/span><\/p>\n<p><span style=\"font-size: 20px;\"><strong>\u00a0<\/strong><\/span><\/p>\n<p><span style=\"font-size: 20px;\">Faisn\u00e9is do Shaor\u00e1naigh<strong><br \/>\n<\/strong><a href=\"http:\/\/www.citizensinformation.ie\/ga\" target=\"_blank\" rel=\"noopener noreferrer\">http:\/\/www.citizensinformation.ie\/ga<\/a><\/span><\/p>\n<p><span style=\"font-size: 20px;\"><strong>\u00a0<\/strong><\/span><\/p>\n<p><span style=\"font-size: 20px;\">An Bord Um Ch\u00fanamh Dl\u00edthi\u00fail<strong><br \/>\n<\/strong><a href=\"http:\/\/www.legalaidboard.ie\/ga\" target=\"_blank\" rel=\"noopener noreferrer\">http:\/\/www.legalaidboard.ie\/ga<\/a><\/span><\/p>\n<p><span style=\"font-size: 20px;\"><strong>\u00a0<\/strong><\/span><\/p>\n<p><span style=\"font-size: 20px;\">An t\u00dadar\u00e1s Pinsean<strong><br \/>\n<\/strong><a href=\"http:\/\/www.pensionsauthority.ie\/ga\/\" target=\"_blank\" rel=\"noopener noreferrer\">http:\/\/www.pensionsauthority.ie\/ga\/<\/a><\/span><\/p>\n<p>&nbsp;<\/p>\n<p><span style=\"font-size: 20px;\">An tOmbudsman Seirbh\u00eds\u00ed Airgeadais agus Pinsean<strong><br \/>\n<\/strong><a href=\"http:\/\/www.fspo.ie\" target=\"_blank\" rel=\"noopener noreferrer\">www.fspo.ie<\/a><\/span><\/p>","protected":false},"excerpt":{"rendered":"<p>Naisc \u00das\u00e1ideacha \u00a0 An Roinn Coimirce S\u00f3isiala\u00ed http:\/\/www.welfare.ie\/ga\/Pages\/home.aspx \u00a0 Faisn\u00e9is do Shaor\u00e1naigh http:\/\/www.citizensinformation.ie\/ga \u00a0 An Bord Um Ch\u00fanamh Dl\u00edthi\u00fail http:\/\/www.legalaidboard.ie\/ga &#8230;<\/p>\n","protected":false},"author":16,"featured_media":0,"parent":80,"menu_order":50,"comment_status":"closed","ping_status":"closed","template":"content-template.php","meta":[],"categories":[9],"tags":[20,21,19],"acf":[],"_links":{"self":[{"href":"https:\/\/singlepensionscheme.gov.ie\/ga\/wp-json\/wp\/v2\/pages\/359"}],"collection":[{"href":"https:\/\/singlepensionscheme.gov.ie\/ga\/wp-json\/wp\/v2\/pages"}],"about":[{"href":"https:\/\/singlepensionscheme.gov.ie\/ga\/wp-json\/wp\/v2\/types\/page"}],"author":[{"embeddable":true,"href":"https:\/\/singlepensionscheme.gov.ie\/ga\/wp-json\/wp\/v2\/users\/16"}],"replies":[{"embeddable":true,"href":"https:\/\/singlepensionscheme.gov.ie\/ga\/wp-json\/wp\/v2\/comments?post=359"}],"version-history":[{"count":26,"href":"https:\/\/singlepensionscheme.gov.ie\/ga\/wp-json\/wp\/v2\/pages\/359\/revisions"}],"predecessor-version":[{"id":7989,"href":"https:\/\/singlepensionscheme.gov.ie\/ga\/wp-json\/wp\/v2\/pages\/359\/revisions\/7989"}],"up":[{"embeddable":true,"href":"https:\/\/singlepensionscheme.gov.ie\/ga\/wp-json\/wp\/v2\/pages\/80"}],"wp:attachment":[{"href":"https:\/\/singlepensionscheme.gov.ie\/ga\/wp-json\/wp\/v2\/media?parent=359"}],"wp:term":[{"taxonomy":"category","embeddable":true,"href":"https:\/\/singlepensionscheme.gov.ie\/ga\/wp-json\/wp\/v2\/categories?post=359"},{"taxonomy":"post_tag","embeddable":true,"href":"https:\/\/singlepensionscheme.gov.ie\/ga\/wp-json\/wp\/v2\/tags?post=359"}],"curies":[{"name":"wp","href":"https:\/\/api.w.org\/{rel}","templated":true}]}}