{"id":3593,"date":"2017-12-05T17:36:09","date_gmt":"2017-12-05T17:36:09","guid":{"rendered":"http:\/\/singlepensionscheme.gov.ie\/?page_id=3593"},"modified":"2021-01-05T17:00:57","modified_gmt":"2021-01-05T17:00:57","slug":"retirement-former-scheme-member","status":"publish","type":"page","link":"https:\/\/singlepensionscheme.gov.ie\/ga\/for-members\/scheme-information\/ataglance\/retirement-former-scheme-member\/","title":{"rendered":"Scor Iar-Chomhalta Sc\u00e9ime"},"content":{"rendered":"<p><\/p>\n<h1 style=\"text-align: left;\"><span style=\"font-size: 28px;\"><strong><span style=\"color: #0d9bd4;\">Scor Iar-Chomhalta Sc\u00e9ime &#8211; Spl\u00e9ach-Threoir (Comhalta\u00ed Caighde\u00e1nacha)<\/span><\/strong><\/span><\/h1>\n<hr style=\"height: 1px; background: #0d9bd4;\" \/>\n<table style=\"height: 77px; width: 737px;\">\n<tbody>\n<tr>\n<td style=\"width: 137px;\"><strong>Aidhm<\/strong><\/td>\n<td style=\"width: 584px;\">Achoimre ar an d\u00f3igh ar f\u00e9idir le hiarbhall na Sc\u00e9ime Aonair a bheith i dteideal sochair iarchurtha a d\u2019fh\u00e9adfadh faighte ag a nGn\u00e1thaois Scoir<\/td>\n<\/tr>\n<tr>\n<td style=\"width: 137px;\"><strong>Ainm<\/strong><\/td>\n<td style=\"width: 584px;\">Scor Iar-Chomhalta Sc\u00e9ime &#8211; ST<\/td>\n<\/tr>\n<tr>\n<td style=\"width: 137px;\"><b>D\u00e1ta Foilsithe<\/b><\/td>\n<td style=\"width: 584px;\">5 January 2021<\/td>\n<\/tr>\n<\/tbody>\n<\/table>\n<p>&nbsp;<\/p>\n<p><a href=\"http:\/\/singlepensionscheme.gov.ie\/wp-content\/uploads\/2021\/01\/Scor-Iar-Chomhalta-Sce\u0301ime.pdf\" target=\"_blank\" rel=\"noopener noreferrer\"><img decoding=\"async\" loading=\"lazy\" class=\"alignnone wp-image-205 size-full\" src=\"http:\/\/singlepensionscheme.gov.ie\/wp-content\/uploads\/2017\/01\/PDF.png\" alt=\"PDF icon\" width=\"50\" height=\"50\" \/><\/a>(PDF , 217 KB)<\/p>","protected":false},"excerpt":{"rendered":"<p>Scor Iar-Chomhalta Sc\u00e9ime &#8211; Spl\u00e9ach-Threoir (Comhalta\u00ed Caighde\u00e1nacha) Aidhm Achoimre ar an d\u00f3igh ar f\u00e9idir le hiarbhall na Sc\u00e9ime Aonair a &#8230;<\/p>\n","protected":false},"author":16,"featured_media":0,"parent":3600,"menu_order":70,"comment_status":"closed","ping_status":"closed","template":"content-template.php","meta":[],"categories":[9],"tags":[20,21,19],"acf":[],"_links":{"self":[{"href":"https:\/\/singlepensionscheme.gov.ie\/ga\/wp-json\/wp\/v2\/pages\/3593"}],"collection":[{"href":"https:\/\/singlepensionscheme.gov.ie\/ga\/wp-json\/wp\/v2\/pages"}],"about":[{"href":"https:\/\/singlepensionscheme.gov.ie\/ga\/wp-json\/wp\/v2\/types\/page"}],"author":[{"embeddable":true,"href":"https:\/\/singlepensionscheme.gov.ie\/ga\/wp-json\/wp\/v2\/users\/16"}],"replies":[{"embeddable":true,"href":"https:\/\/singlepensionscheme.gov.ie\/ga\/wp-json\/wp\/v2\/comments?post=3593"}],"version-history":[{"count":25,"href":"https:\/\/singlepensionscheme.gov.ie\/ga\/wp-json\/wp\/v2\/pages\/3593\/revisions"}],"predecessor-version":[{"id":6635,"href":"https:\/\/singlepensionscheme.gov.ie\/ga\/wp-json\/wp\/v2\/pages\/3593\/revisions\/6635"}],"up":[{"embeddable":true,"href":"https:\/\/singlepensionscheme.gov.ie\/ga\/wp-json\/wp\/v2\/pages\/3600"}],"wp:attachment":[{"href":"https:\/\/singlepensionscheme.gov.ie\/ga\/wp-json\/wp\/v2\/media?parent=3593"}],"wp:term":[{"taxonomy":"category","embeddable":true,"href":"https:\/\/singlepensionscheme.gov.ie\/ga\/wp-json\/wp\/v2\/categories?post=3593"},{"taxonomy":"post_tag","embeddable":true,"href":"https:\/\/singlepensionscheme.gov.ie\/ga\/wp-json\/wp\/v2\/tags?post=3593"}],"curies":[{"name":"wp","href":"https:\/\/api.w.org\/{rel}","templated":true}]}}