{"id":368,"date":"2017-03-20T11:14:48","date_gmt":"2017-03-20T11:14:48","guid":{"rendered":"http:\/\/singlepensionscheme.gov.ie\/?page_id=368"},"modified":"2022-11-28T15:03:36","modified_gmt":"2022-11-28T15:03:36","slug":"scheme-booklet","status":"publish","type":"page","link":"https:\/\/singlepensionscheme.gov.ie\/ga\/for-members\/scheme-information\/scheme-booklet\/","title":{"rendered":"Bileoga Faisn\u00e9ise Sc\u00e9ime"},"content":{"rendered":"<p><\/p>\n<h1 style=\"text-align: left;\"><span style=\"font-size: 28px;\"><strong><span style=\"color: #0d9bd4;\">Bileoga Faisn\u00e9ise Sc\u00e9ime<\/span><\/strong><\/span><\/h1>\n<hr style=\"height: 1px; background: #0d9bd4;\" \/>\n<p><strong>Comhth\u00e9acs:<\/strong> Anseo th\u00edos gheobhaidh t\u00fa tr\u00ed Bhileog Faisn\u00e9ise do <em>Chomhalta\u00ed na Sc\u00e9ime Aonair<\/em>. Ag brath ar chatag\u00f3ir comhaltachta do Sc\u00e9ime b\u2019fh\u00e9idir nach mbeidh ach ceann amh\u00e1in de na bileoga faisn\u00e9ise seo \u00e1bhartha duit. M\u00e1s comhalta i gcatag\u00f3ir de chine\u00e1l eile th\u00fa ansin n\u00ed bheidh aon cheann de na bileoga faisn\u00e9ise seo \u00e1bhartha duit agus ba cheart duit teagmh\u00e1il a dh\u00e9anamh le hOifigeach Pinsean d\u2019fhost\u00f3ra.<\/p>\n<p>Is comhalta\u00ed Fabhraithe Caighde\u00e1nach iad formh\u00f3r chomhalta\u00ed na Sc\u00e9ime Aonair. M\u00e1s comhalta faoi \u00e9ide den Gharda S\u00edoch\u00e1na, de na Buan-\u00d3glaigh, de Sheirbh\u00eds Phr\u00edos\u00fain na h\u00c9ireann th\u00fa n\u00f3 m\u00e1s Comhraiceoir D\u00f3ite\u00e1in gairme th\u00fa, is comhalta <em>Fabhraithe Tapa (Faoi \u00c9ide)<\/em> th\u00fa.<\/p>\n<p>Mura bhfuil t\u00fa cinnte faoin gcatag\u00f3ir comhaltachta Sc\u00e9ime lena mbaineann t\u00fa, seice\u00e1il le do Rann\u00f3g Pinsean.*<\/p>\n<p><em><span style=\"font-size: 12px;\">*Tabhair faoi deara, gur cheart do chomhalta\u00ed at\u00e1 fostaithe ag eagra\u00edochta\u00ed at\u00e1 ascanta chuig AD Comhroinnte\/Pinsin\/L\u00e1rionad P\u00e1rolla (e.g. PeoplePoint, MyPay, Education Athlone), teagmh\u00e1il a dh\u00e9anamh leis an L\u00e1rionad Seirbh\u00eds\u00ed Comhroinnte sin go d\u00edreach de r\u00e9ir na bpr\u00f3tacal \u00e1iti\u00fail at\u00e1 i bhfeidhm.<\/span><\/em><\/p>\n<p>&nbsp;<\/p>\n<h1 style=\"text-align: left;\"><span style=\"font-size: 20px;\"><strong><span style=\"color: #0d9bd4;\"><a id=\"StandardAccrualMembers\"><\/a>Comhalta\u00ed Fabhraithe Caighde\u00e1nach<\/span><\/strong><\/span><\/h1>\n<table style=\"width: 853px; height: 179px;\">\n<tbody>\n<tr>\n<td style=\"width: 611px;\" colspan=\"2\">\n<hr style=\"height: 1px; background: #0d9bd4;\" \/>\n<\/td>\n<\/tr>\n<tr>\n<td style=\"width: 611px;\">\n<table style=\"width: 610px; height: 172px;\">\n<tbody>\n<tr>\n<td style=\"width: 168.1px; text-align: left;\"><strong>Cusp\u00f3ra<\/strong><\/td>\n<td style=\"width: 425.9px;\">Bileog Faisn\u00e9ise Sc\u00e9im Cusp\u00f3ra ina sol\u00e1thra\u00edtear forl\u00e9argas ar an Sc\u00e9im Aonair le haghaidh Comhalta\u00ed Fabhraithe Caighde\u00e1nach<\/td>\n<\/tr>\n<tr>\n<td style=\"width: 168.1px;\"><strong>Doicim\u00e9ad<\/strong><\/td>\n<td style=\"width: 425.9px;\">Bileog Faisn\u00e9ise Sc\u00e9ime \u2013 Fabhr\u00fa Caighde\u00e1nach<\/td>\n<\/tr>\n<tr>\n<td style=\"width: 168.1px;\"><strong>D\u00e1ta Eisi\u00fana<\/strong><\/td>\n<td style=\"width: 425.9px;\">5 Ean\u00e1ir 2021<\/td>\n<\/tr>\n<tr>\n<td style=\"width: 168.1px;\"><strong>Type<\/strong><\/td>\n<td style=\"width: 425.9px;\"><a href=\"http:\/\/singlepensionscheme.gov.ie\/wp-content\/uploads\/2021\/05\/Standard-Accrual-Member-Information-2021.pdf\" target=\"_blank\" rel=\"noopener noreferrer\"><img decoding=\"async\" loading=\"lazy\" class=\"alignnone wp-image-205\" src=\"https:\/\/singlepensionscheme.gov.ie\/wp-content\/uploads\/2017\/01\/PDF.png\" alt=\"PDF icon\" width=\"20\" height=\"20\" \/><\/a>(PDF, 2.38 MB)<\/td>\n<\/tr>\n<\/tbody>\n<\/table>\n<\/td>\n<td style=\"width: 226px;\"><a href=\"http:\/\/singlepensionscheme.gov.ie\/wp-content\/uploads\/2021\/05\/Standard-Accrual-Member-Information-2021.pdf\" target=\"_blank\" rel=\"noopener noreferrer\"><img decoding=\"async\" loading=\"lazy\" class=\"alignright wp-image-6280\" src=\"http:\/\/singlepensionscheme.gov.ie\/wp-content\/uploads\/2020\/06\/GA_Bileog_GC.gif\" alt=\"\" width=\"100\" height=\"141\" \/><\/a><\/td>\n<\/tr>\n<\/tbody>\n<\/table>\n<h1 style=\"text-align: left;\"><span style=\"font-size: 20px;\"><strong><span style=\"color: #0d9bd4;\"><a id=\"FastAccrualMembers\"><\/a>Comhalta\u00ed Fabhraithe Tapa (Faoi \u00c9ide)<\/span><\/strong><\/span><\/h1>\n<table style=\"width: 854px; height: 204px;\">\n<tbody>\n<tr>\n<td style=\"width: 612px;\" colspan=\"2\">\n<hr style=\"height: 1px; background: #0d9bd4;\" \/>\n<\/td>\n<\/tr>\n<tr>\n<td style=\"width: 612px;\">\n<table style=\"width: 637.708px; height: 196px;\">\n<tbody>\n<tr>\n<td style=\"width: 179px; text-align: left;\"><strong>Cusp\u00f3ra<\/strong><\/td>\n<td style=\"width: 442.708px;\">Bileog Faisn\u00e9ise Sc\u00e9im Cusp\u00f3ra ina sol\u00e1thra\u00edtear forl\u00e9argas ar an Sc\u00e9im Aonair le haghaidh Comhalta\u00ed Fabhraithe Tapa (Faoi \u00c9ide)<\/td>\n<\/tr>\n<tr>\n<td style=\"width: 179px;\"><strong>Doicim\u00e9ad<\/strong><\/td>\n<td style=\"width: 442.708px;\">Bileog Faisn\u00e9ise Sc\u00e9ime \u2013 Fabhr\u00fa Tapa (Faoi \u00c9ide)<\/td>\n<\/tr>\n<tr>\n<td style=\"width: 179px;\"><strong>D\u00e1ta Eisi\u00fana<\/strong><\/td>\n<td style=\"width: 442.708px;\">An 7 Bealtaine 2020<\/td>\n<\/tr>\n<tr>\n<td style=\"width: 179px;\"><strong>Type<\/strong><\/td>\n<td style=\"width: 442.708px;\"><a href=\"http:\/\/singlepensionscheme.gov.ie\/wp-content\/uploads\/2020\/06\/06.15.2020_Fast-Accrual-Scheme-Information-Booklet_WEB-IRISH.pdf\" target=\"_blank\" rel=\"noopener noreferrer\"><img decoding=\"async\" loading=\"lazy\" class=\"alignnone wp-image-205\" src=\"https:\/\/singlepensionscheme.gov.ie\/wp-content\/uploads\/2017\/01\/PDF.png\" alt=\"PDF icon\" width=\"20\" height=\"20\" \/><\/a>(PDF, 2.00 MB)<\/td>\n<\/tr>\n<\/tbody>\n<\/table>\n<\/td>\n<td style=\"width: 226px;\"><a href=\"https:\/\/singlepensionscheme.gov.ie\/wp-content\/uploads\/2020\/06\/06.15.2020_Fast-Accrual-Scheme-Information-Booklet_WEB-IRISH.pdf\" target=\"_blank\" rel=\"noopener noreferrer\"><img decoding=\"async\" loading=\"lazy\" class=\"alignright wp-image-6281\" src=\"http:\/\/singlepensionscheme.gov.ie\/wp-content\/uploads\/2020\/06\/GA_Bileog_GFT.gif\" alt=\"\" width=\"100\" height=\"141\" \/><\/a><\/td>\n<\/tr>\n<\/tbody>\n<\/table>\n<p>&nbsp;<\/p>\n<h1 style=\"text-align: left;\"><span style=\"font-size: 20px;\"><strong><span style=\"color: #0d9bd4;\"><a id=\"Judiciary\"><\/a>Comhalta\u00ed na mBreithi\u00fana<\/span><\/strong><\/span><\/h1>\n<table style=\"width: 854px; height: 204px;\">\n<tbody>\n<tr>\n<td style=\"width: 612px;\" colspan=\"2\">\n<hr style=\"height: 1px; background: #0d9bd4;\" \/>\n<\/td>\n<\/tr>\n<tr>\n<td style=\"width: 612px;\">\n<table style=\"width: 637.708px; height: 196px;\">\n<tbody>\n<tr>\n<td style=\"width: 179px; text-align: left;\"><strong>Cusp\u00f3ra<\/strong><\/td>\n<td style=\"width: 442.708px;\">Bileog Faisn\u00e9ise Sc\u00e9im Cusp\u00f3ra ina sol\u00e1thra\u00edtear forl\u00e9argas ar an Sc\u00e9im Aonair le haghaidh Comhalta\u00ed na mBreithi\u00fana<\/td>\n<\/tr>\n<tr>\n<td style=\"width: 179px;\"><strong>Doicim\u00e9ad<\/strong><\/td>\n<td style=\"width: 442.708px;\">Bileog Faisn\u00e9ise Sc\u00e9ime \u2013 Comhalta\u00ed na mBreithi\u00fana<\/td>\n<\/tr>\n<tr>\n<td style=\"width: 179px;\"><strong>D\u00e1ta Eisi\u00fana<\/strong><\/td>\n<td style=\"width: 442.708px;\">An 16 Meitheamh 2021<\/td>\n<\/tr>\n<tr>\n<td style=\"width: 179px;\"><strong>Type<\/strong><\/td>\n<td style=\"width: 442.708px;\"><a href=\"http:\/\/singlepensionscheme.gov.ie\/wp-content\/uploads\/2021\/06\/Judiciary-Pension-Information-Booklet_GA_Final.pdf\" target=\"_blank\" rel=\"noopener noreferrer\"><img decoding=\"async\" loading=\"lazy\" class=\"alignnone wp-image-205\" src=\"https:\/\/singlepensionscheme.gov.ie\/wp-content\/uploads\/2017\/01\/PDF.png\" alt=\"PDF icon\" width=\"20\" height=\"20\" \/><\/a>(PDF, 2.08 MB)<\/td>\n<\/tr>\n<\/tbody>\n<\/table>\n<\/td>\n<td style=\"width: 226px;\"><a href=\"http:\/\/singlepensionscheme.gov.ie\/wp-content\/uploads\/2021\/06\/Judiciary-Pension-Information-Booklet_GA_Final.pdf\"><img decoding=\"async\" loading=\"lazy\" class=\"alignright wp-image-6885\" src=\"http:\/\/singlepensionscheme.gov.ie\/wp-content\/uploads\/2021\/06\/Judiciary-Cover-GA.jpg\" alt=\"\" width=\"100\" height=\"141\" \/><\/a><\/td>\n<\/tr>\n<\/tbody>\n<\/table>\n<p><\/p>","protected":false},"excerpt":{"rendered":"<p>Bileoga Faisn\u00e9ise Sc\u00e9ime Comhth\u00e9acs: Anseo th\u00edos gheobhaidh t\u00fa tr\u00ed Bhileog Faisn\u00e9ise do Chomhalta\u00ed na Sc\u00e9ime Aonair. Ag brath ar chatag\u00f3ir &#8230;<\/p>\n","protected":false},"author":16,"featured_media":0,"parent":349,"menu_order":10,"comment_status":"closed","ping_status":"closed","template":"content-template.php","meta":[],"categories":[9],"tags":[20,21,19],"acf":[],"_links":{"self":[{"href":"https:\/\/singlepensionscheme.gov.ie\/ga\/wp-json\/wp\/v2\/pages\/368"}],"collection":[{"href":"https:\/\/singlepensionscheme.gov.ie\/ga\/wp-json\/wp\/v2\/pages"}],"about":[{"href":"https:\/\/singlepensionscheme.gov.ie\/ga\/wp-json\/wp\/v2\/types\/page"}],"author":[{"embeddable":true,"href":"https:\/\/singlepensionscheme.gov.ie\/ga\/wp-json\/wp\/v2\/users\/16"}],"replies":[{"embeddable":true,"href":"https:\/\/singlepensionscheme.gov.ie\/ga\/wp-json\/wp\/v2\/comments?post=368"}],"version-history":[{"count":77,"href":"https:\/\/singlepensionscheme.gov.ie\/ga\/wp-json\/wp\/v2\/pages\/368\/revisions"}],"predecessor-version":[{"id":7198,"href":"https:\/\/singlepensionscheme.gov.ie\/ga\/wp-json\/wp\/v2\/pages\/368\/revisions\/7198"}],"up":[{"embeddable":true,"href":"https:\/\/singlepensionscheme.gov.ie\/ga\/wp-json\/wp\/v2\/pages\/349"}],"wp:attachment":[{"href":"https:\/\/singlepensionscheme.gov.ie\/ga\/wp-json\/wp\/v2\/media?parent=368"}],"wp:term":[{"taxonomy":"category","embeddable":true,"href":"https:\/\/singlepensionscheme.gov.ie\/ga\/wp-json\/wp\/v2\/categories?post=368"},{"taxonomy":"post_tag","embeddable":true,"href":"https:\/\/singlepensionscheme.gov.ie\/ga\/wp-json\/wp\/v2\/tags?post=368"}],"curies":[{"name":"wp","href":"https:\/\/api.w.org\/{rel}","templated":true}]}}