{"id":385,"date":"2017-03-20T15:37:43","date_gmt":"2017-03-20T15:37:43","guid":{"rendered":"http:\/\/singlepensionscheme.gov.ie\/?page_id=385"},"modified":"2018-01-29T17:15:28","modified_gmt":"2018-01-29T17:15:28","slug":"standard-forms-and-checklists","status":"publish","type":"page","link":"https:\/\/singlepensionscheme.gov.ie\/ga\/for-employers\/administrator-tools\/standard-forms-and-checklists\/","title":{"rendered":"Foirmeacha agus Seicliosta\u00ed Caighde\u00e1nacha"},"content":{"rendered":"<p><\/p>\n<p style=\"text-align: center;\"><span style=\"font-size: 28px;\">Is f\u00e9idir le Riarth\u00f3ir\u00ed rochtain a fh\u00e1il th\u00edos ar fhoirne uirlis\u00ed teicni\u00fala chun cabhr\u00fa leo an Sc\u00e9im Aonair a riar le linn gn\u00e1th-shaolr\u00e9 comhalta<\/span><\/p>\n<p><\/p>","protected":false},"excerpt":{"rendered":"<p>Is f\u00e9idir le Riarth\u00f3ir\u00ed rochtain a fh\u00e1il th\u00edos ar fhoirne uirlis\u00ed teicni\u00fala chun cabhr\u00fa leo an Sc\u00e9im Aonair a riar &#8230;<\/p>\n","protected":false},"author":16,"featured_media":0,"parent":159,"menu_order":1,"comment_status":"closed","ping_status":"closed","template":"nav.php","meta":[],"categories":[10],"tags":[20,21,19],"acf":[],"_links":{"self":[{"href":"https:\/\/singlepensionscheme.gov.ie\/ga\/wp-json\/wp\/v2\/pages\/385"}],"collection":[{"href":"https:\/\/singlepensionscheme.gov.ie\/ga\/wp-json\/wp\/v2\/pages"}],"about":[{"href":"https:\/\/singlepensionscheme.gov.ie\/ga\/wp-json\/wp\/v2\/types\/page"}],"author":[{"embeddable":true,"href":"https:\/\/singlepensionscheme.gov.ie\/ga\/wp-json\/wp\/v2\/users\/16"}],"replies":[{"embeddable":true,"href":"https:\/\/singlepensionscheme.gov.ie\/ga\/wp-json\/wp\/v2\/comments?post=385"}],"version-history":[{"count":9,"href":"https:\/\/singlepensionscheme.gov.ie\/ga\/wp-json\/wp\/v2\/pages\/385\/revisions"}],"predecessor-version":[{"id":1056,"href":"https:\/\/singlepensionscheme.gov.ie\/ga\/wp-json\/wp\/v2\/pages\/385\/revisions\/1056"}],"up":[{"embeddable":true,"href":"https:\/\/singlepensionscheme.gov.ie\/ga\/wp-json\/wp\/v2\/pages\/159"}],"wp:attachment":[{"href":"https:\/\/singlepensionscheme.gov.ie\/ga\/wp-json\/wp\/v2\/media?parent=385"}],"wp:term":[{"taxonomy":"category","embeddable":true,"href":"https:\/\/singlepensionscheme.gov.ie\/ga\/wp-json\/wp\/v2\/categories?post=385"},{"taxonomy":"post_tag","embeddable":true,"href":"https:\/\/singlepensionscheme.gov.ie\/ga\/wp-json\/wp\/v2\/tags?post=385"}],"curies":[{"name":"wp","href":"https:\/\/api.w.org\/{rel}","templated":true}]}}