{"id":4767,"date":"2019-07-01T18:16:23","date_gmt":"2019-07-01T17:16:23","guid":{"rendered":"https:\/\/singlepensionscheme.gov.ie\/?page_id=4767"},"modified":"2023-08-21T13:54:59","modified_gmt":"2023-08-21T12:54:59","slug":"privacynotice","status":"publish","type":"page","link":"https:\/\/singlepensionscheme.gov.ie\/ga\/privacynotice\/","title":{"rendered":"N\u00f3ta Pr\u00edobh\u00e1ideachais"},"content":{"rendered":"<p><\/p>\n<h1 style=\"text-align: left;\"><span style=\"font-size: 28px; color: #0d9bd4;\"><strong>Banc Sonra\u00ed N\u00f3ta Pr\u00edobh\u00e1ideachais <\/strong><\/span><\/h1>\n<hr style=\"height: 1px; background: #0d9bd4;\" \/>\n<p>Baineann an f\u00f3gra seo le gach ball agus tairbh\u00ed eile den Sc\u00e9im Pinsin Seirbh\u00edse Poibl\u00ed Aonair (<strong>\u201cSc\u00e9im Aonair\u201d<\/strong>) a bhfuil na sonra\u00ed pearsanta a bhaineann leo st\u00f3r\u00e1ilte i mBanc Sonra\u00ed na Sc\u00e9ime Aonair (<strong>\u201cBanc Sonra\u00ed\u201d<\/strong>). Ullmha\u00edodh \u00e9 de r\u00e9ir Rialach\u00e1in Ghinear\u00e1lta an Aontais Eorpaigh um Chosaint Sonra\u00ed (RGCS) a th\u00e1inig i bhfeidhm an 25 Bealtaine 2018.<\/p>\n<p>T\u00e1 cearta ag gach duine maidir leis an gcaoi a l\u00e1imhse\u00e1iltear a gcuid sonra\u00ed pearsanta. T\u00e1imid tiomanta d\u00e1r ndualgais a chomhl\u00edonadh chun a chinnti\u00fa go gcaithfimid le do shonra\u00ed ar bhealach cu\u00ed agus dleathach.<\/p>\n<p>M\u00edn\u00edtear leis an bhf\u00f3gra seo an f\u00e1th agus an d\u00f3igh a bhfaigheann, a gcotha\u00edonn agus a bpr\u00f3ise\u00e1lann an Roinn Caiteachais Phoibl\u00ed agus Athch\u00f3irithe sonra\u00ed pearsanta laistigh den Bhanc Sonra\u00ed thar ceann an Aire Caiteachais Phoibl\u00ed &amp; Athch\u00f3irithe.<\/p>\n<p><a href=\"http:\/\/singlepensionscheme.gov.ie\/wp-content\/uploads\/2023\/01\/24.10.22-Single-Scheme-Databankeng.docx\" target=\"_blank\" rel=\"noopener noreferrer\"><img decoding=\"async\" loading=\"lazy\" class=\"alignnone wp-image-205 size-full\" src=\"http:\/\/singlepensionscheme.gov.ie\/wp-content\/uploads\/2017\/01\/PDF.png\" alt=\"PDF icon\" width=\"50\" height=\"50\" \/><\/a> (PDF, 732 KB)<\/p>","protected":false},"excerpt":{"rendered":"<p>Banc Sonra\u00ed N\u00f3ta Pr\u00edobh\u00e1ideachais Baineann an f\u00f3gra seo le gach ball agus tairbh\u00ed eile den Sc\u00e9im Pinsin Seirbh\u00edse Poibl\u00ed Aonair &#8230;<\/p>\n","protected":false},"author":8,"featured_media":0,"parent":0,"menu_order":10,"comment_status":"closed","ping_status":"closed","template":"content-template.php","meta":[],"categories":[10,9],"tags":[22],"acf":[],"_links":{"self":[{"href":"https:\/\/singlepensionscheme.gov.ie\/ga\/wp-json\/wp\/v2\/pages\/4767"}],"collection":[{"href":"https:\/\/singlepensionscheme.gov.ie\/ga\/wp-json\/wp\/v2\/pages"}],"about":[{"href":"https:\/\/singlepensionscheme.gov.ie\/ga\/wp-json\/wp\/v2\/types\/page"}],"author":[{"embeddable":true,"href":"https:\/\/singlepensionscheme.gov.ie\/ga\/wp-json\/wp\/v2\/users\/8"}],"replies":[{"embeddable":true,"href":"https:\/\/singlepensionscheme.gov.ie\/ga\/wp-json\/wp\/v2\/comments?post=4767"}],"version-history":[{"count":20,"href":"https:\/\/singlepensionscheme.gov.ie\/ga\/wp-json\/wp\/v2\/pages\/4767\/revisions"}],"predecessor-version":[{"id":7446,"href":"https:\/\/singlepensionscheme.gov.ie\/ga\/wp-json\/wp\/v2\/pages\/4767\/revisions\/7446"}],"wp:attachment":[{"href":"https:\/\/singlepensionscheme.gov.ie\/ga\/wp-json\/wp\/v2\/media?parent=4767"}],"wp:term":[{"taxonomy":"category","embeddable":true,"href":"https:\/\/singlepensionscheme.gov.ie\/ga\/wp-json\/wp\/v2\/categories?post=4767"},{"taxonomy":"post_tag","embeddable":true,"href":"https:\/\/singlepensionscheme.gov.ie\/ga\/wp-json\/wp\/v2\/tags?post=4767"}],"curies":[{"name":"wp","href":"https:\/\/api.w.org\/{rel}","templated":true}]}}