{"id":505,"date":"2017-03-22T14:44:58","date_gmt":"2017-03-22T14:44:58","guid":{"rendered":"http:\/\/singlepensionscheme.gov.ie\/?page_id=505"},"modified":"2021-05-05T12:19:11","modified_gmt":"2021-05-05T11:19:11","slug":"contact-the-project-team","status":"publish","type":"page","link":"https:\/\/singlepensionscheme.gov.ie\/ga\/for-employers\/ssap\/contact-the-project-team\/","title":{"rendered":"D\u00e9an teagmh\u00e1il leis an bhFoireann Beartais"},"content":{"rendered":"<p><\/p>\n<h1 style=\"text-align: left;\"><span style=\"font-size: 28px; color: #0d9bd4;\"><strong>D\u00e9an teagmh\u00e1il leis an bhFoireann Tionscadail<\/strong><\/span><\/h1>\n<hr style=\"height: 1px; background: #0d9bd4;\" \/>\n<p><span style=\"font-size: 20px;\">Is f\u00e9idir le Riarth\u00f3ir\u00ed Pinsin in \u00dadar\u00e1is \u00c1bhartha a bhfuil ceisteanna acu faoi ghn\u00edomha\u00edochta\u00ed Thionscadal Riarach\u00e1in na Sc\u00e9ime Aonair a gcuid ceisteanna a chur ar aghaidh chuig L\u00e1rphointe Teagmh\u00e1la Fhoireann Tionscadail na Sc\u00e9ime Aonair sa Roinn Caiteachais Phoibl\u00ed agus Athch\u00f3irithe:<\/span><\/p>\n<h4>R-phost:\u00a0<a href=\"mailto:singlescheme@per.gov.ie\">singlescheme@per.gov.ie<\/a><\/h4>\n<p><\/p>","protected":false},"excerpt":{"rendered":"<p>D\u00e9an teagmh\u00e1il leis an bhFoireann Tionscadail Is f\u00e9idir le Riarth\u00f3ir\u00ed Pinsin in \u00dadar\u00e1is \u00c1bhartha a bhfuil ceisteanna acu faoi ghn\u00edomha\u00edochta\u00ed &#8230;<\/p>\n","protected":false},"author":16,"featured_media":0,"parent":85,"menu_order":14,"comment_status":"closed","ping_status":"closed","template":"policy-team.php","meta":[],"categories":[10],"tags":[20,21,19],"acf":[],"_links":{"self":[{"href":"https:\/\/singlepensionscheme.gov.ie\/ga\/wp-json\/wp\/v2\/pages\/505"}],"collection":[{"href":"https:\/\/singlepensionscheme.gov.ie\/ga\/wp-json\/wp\/v2\/pages"}],"about":[{"href":"https:\/\/singlepensionscheme.gov.ie\/ga\/wp-json\/wp\/v2\/types\/page"}],"author":[{"embeddable":true,"href":"https:\/\/singlepensionscheme.gov.ie\/ga\/wp-json\/wp\/v2\/users\/16"}],"replies":[{"embeddable":true,"href":"https:\/\/singlepensionscheme.gov.ie\/ga\/wp-json\/wp\/v2\/comments?post=505"}],"version-history":[{"count":8,"href":"https:\/\/singlepensionscheme.gov.ie\/ga\/wp-json\/wp\/v2\/pages\/505\/revisions"}],"predecessor-version":[{"id":1643,"href":"https:\/\/singlepensionscheme.gov.ie\/ga\/wp-json\/wp\/v2\/pages\/505\/revisions\/1643"}],"up":[{"embeddable":true,"href":"https:\/\/singlepensionscheme.gov.ie\/ga\/wp-json\/wp\/v2\/pages\/85"}],"wp:attachment":[{"href":"https:\/\/singlepensionscheme.gov.ie\/ga\/wp-json\/wp\/v2\/media?parent=505"}],"wp:term":[{"taxonomy":"category","embeddable":true,"href":"https:\/\/singlepensionscheme.gov.ie\/ga\/wp-json\/wp\/v2\/categories?post=505"},{"taxonomy":"post_tag","embeddable":true,"href":"https:\/\/singlepensionscheme.gov.ie\/ga\/wp-json\/wp\/v2\/tags?post=505"}],"curies":[{"name":"wp","href":"https:\/\/api.w.org\/{rel}","templated":true}]}}