{"id":71,"date":"2017-01-23T17:45:12","date_gmt":"2017-01-23T17:45:12","guid":{"rendered":"http:\/\/172.26.164.187\/?page_id=71"},"modified":"2018-01-29T17:11:59","modified_gmt":"2018-01-29T17:11:59","slug":"scheme-information","status":"publish","type":"page","link":"https:\/\/singlepensionscheme.gov.ie\/ga\/for-employers\/scheme-information\/","title":{"rendered":"Faisn\u00e9is Ginear\u00e1lta"},"content":{"rendered":"<p><\/p>\n<p style=\"text-align: center;\"><span style=\"font-size: 28px;\">Is f\u00e9idir le Riarth\u00f3ir\u00ed rochtain a fh\u00e1il th\u00edos ar fhaisn\u00e9is ghinear\u00e1lta agus theicni\u00fail faoin Sc\u00e9im Aonair<\/span><\/p>\n<p><\/p>","protected":false},"excerpt":{"rendered":"<p>Is f\u00e9idir le Riarth\u00f3ir\u00ed rochtain a fh\u00e1il th\u00edos ar fhaisn\u00e9is ghinear\u00e1lta agus theicni\u00fail faoin Sc\u00e9im Aonair<\/p>\n","protected":false},"author":13,"featured_media":0,"parent":67,"menu_order":1,"comment_status":"closed","ping_status":"closed","template":"nav.php","meta":[],"categories":[10],"tags":[20,21,19],"acf":[],"_links":{"self":[{"href":"https:\/\/singlepensionscheme.gov.ie\/ga\/wp-json\/wp\/v2\/pages\/71"}],"collection":[{"href":"https:\/\/singlepensionscheme.gov.ie\/ga\/wp-json\/wp\/v2\/pages"}],"about":[{"href":"https:\/\/singlepensionscheme.gov.ie\/ga\/wp-json\/wp\/v2\/types\/page"}],"author":[{"embeddable":true,"href":"https:\/\/singlepensionscheme.gov.ie\/ga\/wp-json\/wp\/v2\/users\/13"}],"replies":[{"embeddable":true,"href":"https:\/\/singlepensionscheme.gov.ie\/ga\/wp-json\/wp\/v2\/comments?post=71"}],"version-history":[{"count":18,"href":"https:\/\/singlepensionscheme.gov.ie\/ga\/wp-json\/wp\/v2\/pages\/71\/revisions"}],"predecessor-version":[{"id":2670,"href":"https:\/\/singlepensionscheme.gov.ie\/ga\/wp-json\/wp\/v2\/pages\/71\/revisions\/2670"}],"up":[{"embeddable":true,"href":"https:\/\/singlepensionscheme.gov.ie\/ga\/wp-json\/wp\/v2\/pages\/67"}],"wp:attachment":[{"href":"https:\/\/singlepensionscheme.gov.ie\/ga\/wp-json\/wp\/v2\/media?parent=71"}],"wp:term":[{"taxonomy":"category","embeddable":true,"href":"https:\/\/singlepensionscheme.gov.ie\/ga\/wp-json\/wp\/v2\/categories?post=71"},{"taxonomy":"post_tag","embeddable":true,"href":"https:\/\/singlepensionscheme.gov.ie\/ga\/wp-json\/wp\/v2\/tags?post=71"}],"curies":[{"name":"wp","href":"https:\/\/api.w.org\/{rel}","templated":true}]}}