{"id":80,"date":"2017-01-24T10:43:10","date_gmt":"2017-01-24T10:43:10","guid":{"rendered":"http:\/\/172.26.164.187\/?page_id=80"},"modified":"2025-08-12T09:59:48","modified_gmt":"2025-08-12T08:59:48","slug":"for-members","status":"publish","type":"page","link":"https:\/\/singlepensionscheme.gov.ie\/ga\/for-members\/","title":{"rendered":"Comhalta\u00ed"},"content":{"rendered":"<p><\/p>\n<p style=\"text-align: center;\"><span style=\"font-size: 28px;\">Is f\u00e9idir le Comhalta\u00ed rochtain a fh\u00e1il th\u00edos ar fhaisn\u00e9is faoin Sc\u00e9im. <strong>Mura dtugtar freagra san \u00e1bhar ar an su\u00edomh Gr\u00e9as\u00e1in seo ar an gceist ar leith at\u00e1 agat, n\u00ed m\u00f3r duit dul i dteagmh\u00e1il le do Rann\u00f3g Acmhainn\u00ed Daonna\/Pinsean \u00c1iti\u00fail go d\u00edreach<\/strong>.<\/span><\/p>\n<p><\/p>","protected":false},"excerpt":{"rendered":"<p>Is f\u00e9idir le Comhalta\u00ed rochtain a fh\u00e1il th\u00edos ar fhaisn\u00e9is faoin Sc\u00e9im. Mura dtugtar freagra san \u00e1bhar ar an su\u00edomh &#8230;<\/p>\n","protected":false},"author":13,"featured_media":0,"parent":0,"menu_order":0,"comment_status":"closed","ping_status":"closed","template":"nav.php","meta":[],"categories":[9],"tags":[20,21,19],"acf":[],"_links":{"self":[{"href":"https:\/\/singlepensionscheme.gov.ie\/ga\/wp-json\/wp\/v2\/pages\/80"}],"collection":[{"href":"https:\/\/singlepensionscheme.gov.ie\/ga\/wp-json\/wp\/v2\/pages"}],"about":[{"href":"https:\/\/singlepensionscheme.gov.ie\/ga\/wp-json\/wp\/v2\/types\/page"}],"author":[{"embeddable":true,"href":"https:\/\/singlepensionscheme.gov.ie\/ga\/wp-json\/wp\/v2\/users\/13"}],"replies":[{"embeddable":true,"href":"https:\/\/singlepensionscheme.gov.ie\/ga\/wp-json\/wp\/v2\/comments?post=80"}],"version-history":[{"count":14,"href":"https:\/\/singlepensionscheme.gov.ie\/ga\/wp-json\/wp\/v2\/pages\/80\/revisions"}],"predecessor-version":[{"id":7951,"href":"https:\/\/singlepensionscheme.gov.ie\/ga\/wp-json\/wp\/v2\/pages\/80\/revisions\/7951"}],"wp:attachment":[{"href":"https:\/\/singlepensionscheme.gov.ie\/ga\/wp-json\/wp\/v2\/media?parent=80"}],"wp:term":[{"taxonomy":"category","embeddable":true,"href":"https:\/\/singlepensionscheme.gov.ie\/ga\/wp-json\/wp\/v2\/categories?post=80"},{"taxonomy":"post_tag","embeddable":true,"href":"https:\/\/singlepensionscheme.gov.ie\/ga\/wp-json\/wp\/v2\/tags?post=80"}],"curies":[{"name":"wp","href":"https:\/\/api.w.org\/{rel}","templated":true}]}}