{"id":85,"date":"2017-01-24T15:06:40","date_gmt":"2017-01-24T15:06:40","guid":{"rendered":"http:\/\/172.26.164.187\/?page_id=85"},"modified":"2018-01-29T17:18:40","modified_gmt":"2018-01-29T17:18:40","slug":"ssap","status":"publish","type":"page","link":"https:\/\/singlepensionscheme.gov.ie\/ga\/for-employers\/ssap\/","title":{"rendered":"Tionscadal Riarach\u00e1in na Sc\u00e9ime Aonair"},"content":{"rendered":"<p><\/p>\n<p style=\"text-align: center;\"><span style=\"font-size: 28px;\">Is f\u00e9idir rochtain a fh\u00e1il th\u00edos ar fhaisn\u00e9is faoi Thionscadal Riarach\u00e1in na Sc\u00e9ime Aonair<\/span><\/p>\n<p><\/p>","protected":false},"excerpt":{"rendered":"<p>Is f\u00e9idir rochtain a fh\u00e1il th\u00edos ar fhaisn\u00e9is faoi Thionscadal Riarach\u00e1in na Sc\u00e9ime Aonair<\/p>\n","protected":false},"author":13,"featured_media":0,"parent":67,"menu_order":60,"comment_status":"closed","ping_status":"closed","template":"nav.php","meta":[],"categories":[10],"tags":[20,21,19],"acf":[],"_links":{"self":[{"href":"https:\/\/singlepensionscheme.gov.ie\/ga\/wp-json\/wp\/v2\/pages\/85"}],"collection":[{"href":"https:\/\/singlepensionscheme.gov.ie\/ga\/wp-json\/wp\/v2\/pages"}],"about":[{"href":"https:\/\/singlepensionscheme.gov.ie\/ga\/wp-json\/wp\/v2\/types\/page"}],"author":[{"embeddable":true,"href":"https:\/\/singlepensionscheme.gov.ie\/ga\/wp-json\/wp\/v2\/users\/13"}],"replies":[{"embeddable":true,"href":"https:\/\/singlepensionscheme.gov.ie\/ga\/wp-json\/wp\/v2\/comments?post=85"}],"version-history":[{"count":19,"href":"https:\/\/singlepensionscheme.gov.ie\/ga\/wp-json\/wp\/v2\/pages\/85\/revisions"}],"predecessor-version":[{"id":1068,"href":"https:\/\/singlepensionscheme.gov.ie\/ga\/wp-json\/wp\/v2\/pages\/85\/revisions\/1068"}],"up":[{"embeddable":true,"href":"https:\/\/singlepensionscheme.gov.ie\/ga\/wp-json\/wp\/v2\/pages\/67"}],"wp:attachment":[{"href":"https:\/\/singlepensionscheme.gov.ie\/ga\/wp-json\/wp\/v2\/media?parent=85"}],"wp:term":[{"taxonomy":"category","embeddable":true,"href":"https:\/\/singlepensionscheme.gov.ie\/ga\/wp-json\/wp\/v2\/categories?post=85"},{"taxonomy":"post_tag","embeddable":true,"href":"https:\/\/singlepensionscheme.gov.ie\/ga\/wp-json\/wp\/v2\/tags?post=85"}],"curies":[{"name":"wp","href":"https:\/\/api.w.org\/{rel}","templated":true}]}}